{"id":933,"date":"2021-02-23T11:23:11","date_gmt":"2021-02-23T11:23:11","guid":{"rendered":"http:\/\/gasoilsrovira.com\/aviacio\/"},"modified":"2023-07-03T06:58:13","modified_gmt":"2023-07-03T06:58:13","slug":"aviacio","status":"publish","type":"page","link":"https:\/\/gasoilsrovira.com\/es\/aviacio\/","title":{"rendered":"Aviaci\u00f3n"},"content":{"rendered":"<p>[et_pb_section fb_built=\u00bb1&#8243; admin_label=\u00bbaviacio_sec1&#8243; module_class=\u00bbaviacio_sec1&#8243; _builder_version=\u00bb4.16&#8243; _module_preset=\u00bbdefault\u00bb custom_padding=\u00bb0px||0px||false|false\u00bb collapsed=\u00bboff\u00bb global_colors_info=\u00bb{}\u00bb][et_pb_row column_structure=\u00bb1_2,1_2&#8243; make_equal=\u00bbon\u00bb module_class=\u00bbleft_content_row\u00bb _builder_version=\u00bb4.16&#8243; _module_preset=\u00bbdefault\u00bb width=\u00bb100%\u00bb max_width=\u00bb100%\u00bb custom_padding=\u00bb0px||0px||false|false\u00bb collapsed=\u00bboff\u00bb global_colors_info=\u00bb{}\u00bb][et_pb_column type=\u00bb1_2&#8243; module_class=\u00bbcontent_sec\u00bb _builder_version=\u00bb4.16&#8243; _module_preset=\u00bbdefault\u00bb custom_padding=\u00bb90px|80px|90px|20px|false|false\u00bb global_colors_info=\u00bb{}\u00bb][et_pb_text _builder_version=\u00bb4.19.4&#8243; _module_preset=\u00bbdefault\u00bb custom_padding=\u00bb||0px|||\u00bb global_colors_info=\u00bb{}\u00bb]<\/p>\n<h1>AVIACI\u00d3N<\/h1>\n<p style=\"text-align: justify;\">Desde 2002 nuestra empresa se dedica tambi\u00e9n al transporte y suministro directo de combustibles de uso en aviaci\u00f3n civil (JET A-1 y AVGAS 100 LL). Este servicio naci\u00f3 para satisfacer la creciente demanda de este tipo de combustibles para las aeronaves que desempe\u00f1an tarbajos fuera de recintos aeroportuarios. Sin embargo, los combustibles de aviaci\u00f3n exigen el uso de veh\u00edculos dedicados en exclusiva as\u00ed como la aplicaci\u00f3n de controles de calidad mucho m\u00e1s estrictos que los de los combustibles destinados a la automoci\u00f3n, todo ello con el objetivo final de garantizar la seguridad de las aeronaves.<\/p>\n<p>[\/et_pb_text][\/et_pb_column][et_pb_column type=\u00bb1_2&#8243; module_class=\u00bbsec_img\u00bb _builder_version=\u00bb4.16&#8243; _module_preset=\u00bbdefault\u00bb global_colors_info=\u00bb{}\u00bb][et_pb_image title_text=\u00bbaviacio-img1&#8243; _builder_version=\u00bb4.16&#8243; _module_preset=\u00bbdefault\u00bb background_image=\u00bbhttps:\/\/gasoilsrovira.com\/wp-content\/uploads\/2021\/02\/aviacio-img1.jpg\u00bb background_position=\u00bbcenter_left\u00bb global_colors_info=\u00bb{}\u00bb][\/et_pb_image][\/et_pb_column][\/et_pb_row][et_pb_row column_structure=\u00bb1_2,1_2&#8243; make_equal=\u00bbon\u00bb module_class=\u00bbright_content_row\u00bb _builder_version=\u00bb4.16&#8243; _module_preset=\u00bbdefault\u00bb width=\u00bb100%\u00bb max_width=\u00bb100%\u00bb custom_padding=\u00bb0px||0px||false|false\u00bb global_colors_info=\u00bb{}\u00bb][et_pb_column type=\u00bb1_2&#8243; module_class=\u00bbsec_img\u00bb _builder_version=\u00bb4.16&#8243; _module_preset=\u00bbdefault\u00bb custom_padding=\u00bb||||false|false\u00bb global_colors_info=\u00bb{}\u00bb][et_pb_image title_text=\u00bbaviacio-img2&#8243; _builder_version=\u00bb4.16&#8243; _module_preset=\u00bbdefault\u00bb background_image=\u00bbhttps:\/\/gasoilsrovira.com\/wp-content\/uploads\/2021\/02\/aviacio-img2.jpg\u00bb global_colors_info=\u00bb{}\u00bb][\/et_pb_image][\/et_pb_column][et_pb_column type=\u00bb1_2&#8243; module_class=\u00bbcontent_sec\u00bb _builder_version=\u00bb4.16&#8243; _module_preset=\u00bbdefault\u00bb custom_padding=\u00bb90px|20px|80px|80px|false|false\u00bb global_colors_info=\u00bb{}\u00bb][et_pb_text _builder_version=\u00bb4.19.4&#8243; _module_preset=\u00bbdefault\u00bb custom_margin=\u00bb||0px||false|false\u00bb global_colors_info=\u00bb{}\u00bb]<\/p>\n<p style=\"text-align: justify;\">Todos estos protocolos de calidad y seguridad estan definidos y estandarizados por organismos internacionales y transpuestos a las respetivas legislaciones de cada pa\u00eds, y es necesario que sean escrupulosamente seguidos en todo momento. As\u00ed pues, desde 2002, nuestra empresa ha hecho el servicio de transporte y suministro de combustible a las aeronaves que participan en actividades tan diferentes como la extinci\u00f3n de incendios forestales, el rescate en monta\u00f1a, el transporte de espectadores y tareas de filmaci\u00f3n a\u00e9rea de pruebas internacionales como el Rally Catalu\u00f1a-Costa Daurada, la Vuelta Ciclista a Espa\u00f1a, la America&#8217;s Cup de Valencia, la Red Bull Air Race de Barcelona, etc.<\/p>\n<h4>M\u00e1s informaci\u00f3n en www.aviationfuel.es<\/h4>\n<p>[\/et_pb_text][et_pb_button button_url=\u00bbhttp:\/\/www.aviationfuel.es\/\u00bb url_new_window=\u00bbon\u00bb button_text=\u00bbVISITA\u00bb _builder_version=\u00bb4.16&#8243; _module_preset=\u00bbdefault\u00bb global_colors_info=\u00bb{}\u00bb][\/et_pb_button][\/et_pb_column][\/et_pb_row][\/et_pb_section][et_pb_section fb_built=\u00bb1&#8243; admin_label=\u00bbour_clients aviacio_clients\u00bb module_class=\u00bbour_clients aviacio_clients\u00bb _builder_version=\u00bb4.16&#8243; _module_preset=\u00bbdefault\u00bb background_color=\u00bb#f6f6f6&#8243; custom_padding=\u00bb20px||20px||false|false\u00bb locked=\u00bboff\u00bb collapsed=\u00bboff\u00bb global_colors_info=\u00bb{}\u00bb][et_pb_row module_class=\u00bblogos_row\u00bb _builder_version=\u00bb4.16&#8243; _module_preset=\u00bbdefault\u00bb width=\u00bb100%\u00bb max_width=\u00bb100%\u00bb custom_padding=\u00bb0px||0px||false|false\u00bb global_colors_info=\u00bb{}\u00bb][et_pb_column type=\u00bb4_4&#8243; _builder_version=\u00bb4.16&#8243; _module_preset=\u00bbdefault\u00bb global_colors_info=\u00bb{}\u00bb][et_pb_code module_class=\u00bblogos_slider\u00bb _builder_version=\u00bb4.16&#8243; _module_preset=\u00bbdefault\u00bb global_colors_info=\u00bb{}\u00bb]<\/p>\n<div class=\"owl-carousel owl-theme\"><!-- [et_pb_line_break_holder] -->    <\/p>\n<div class=\"item\"><!-- [et_pb_line_break_holder] -->\t\t<\/p>\n<div class=\"logo_img\"><!-- [et_pb_line_break_holder] -->\t\t\t<\/p>\n<div class=\"img_wrapper\"><!-- [et_pb_line_break_holder] -->\t\t\t\t<img decoding=\"async\" src=\"https:\/\/gasoilsrovira.com\/wp-content\/uploads\/2021\/02\/avaicio-logo1.png\" alt=\"\" title=\"\"><!-- [et_pb_line_break_holder] -->\t\t\t<\/div>\n<p><!-- [et_pb_line_break_holder] -->\t\t<\/div>\n<p><!-- [et_pb_line_break_holder] -->\t<\/div>\n<p><!-- [et_pb_line_break_holder] -->\t<\/p>\n<div class=\"item\"><!-- [et_pb_line_break_holder] -->\t\t<\/p>\n<div class=\"logo_img\"><!-- [et_pb_line_break_holder] -->\t\t\t<\/p>\n<div class=\"img_wrapper\"><!-- [et_pb_line_break_holder] -->\t\t\t\t<img decoding=\"async\" src=\"https:\/\/gasoilsrovira.com\/wp-content\/uploads\/2021\/02\/avaicio-logo2.png\" alt=\"\" title=\"\"><!-- [et_pb_line_break_holder] -->\t\t\t<\/div>\n<p><!-- [et_pb_line_break_holder] -->\t\t<\/div>\n<p><!-- [et_pb_line_break_holder] -->\t<\/div>\n<p><!-- [et_pb_line_break_holder] -->\t<\/p>\n<div class=\"item\"><!-- [et_pb_line_break_holder] -->\t\t<\/p>\n<div class=\"logo_img\"><!-- [et_pb_line_break_holder] -->\t\t\t<\/p>\n<div class=\"img_wrapper\"><!-- [et_pb_line_break_holder] -->\t\t\t\t<img decoding=\"async\" src=\"https:\/\/gasoilsrovira.com\/wp-content\/uploads\/2021\/02\/avaicio-logo3.png\" alt=\"\" title=\"\"><!-- [et_pb_line_break_holder] -->\t\t\t<\/div>\n<p><!-- [et_pb_line_break_holder] -->\t\t<\/div>\n<p><!-- [et_pb_line_break_holder] -->\t<\/div>\n<p><!-- [et_pb_line_break_holder] -->\t<\/p>\n<div class=\"item\"><!-- [et_pb_line_break_holder] -->\t\t<\/p>\n<div class=\"logo_img\"><!-- [et_pb_line_break_holder] -->\t\t\t<\/p>\n<div class=\"img_wrapper\"><!-- [et_pb_line_break_holder] -->\t\t\t\t<img decoding=\"async\" src=\"https:\/\/gasoilsrovira.com\/wp-content\/uploads\/2021\/02\/avaicio-logo4.png\" alt=\"\" title=\"\"><!-- [et_pb_line_break_holder] -->\t\t\t<\/div>\n<p><!-- [et_pb_line_break_holder] -->\t\t<\/div>\n<p><!-- [et_pb_line_break_holder] -->\t<\/div>\n<p><!-- [et_pb_line_break_holder] -->\t<\/p>\n<div class=\"item\"><!-- [et_pb_line_break_holder] -->\t\t<\/p>\n<div class=\"logo_img\"><!-- [et_pb_line_break_holder] -->\t\t\t<\/p>\n<div class=\"img_wrapper\"><!-- [et_pb_line_break_holder] -->\t\t\t\t<img decoding=\"async\" src=\"https:\/\/gasoilsrovira.com\/wp-content\/uploads\/2021\/02\/avaicio-logo5.png\" alt=\"\" title=\"\"><!-- [et_pb_line_break_holder] -->\t\t\t<\/div>\n<p><!-- [et_pb_line_break_holder] -->\t\t<\/div>\n<p><!-- [et_pb_line_break_holder] -->\t<\/div>\n<p><!-- [et_pb_line_break_holder] -->\t<\/p>\n<div class=\"item\"><!-- [et_pb_line_break_holder] -->\t\t<\/p>\n<div class=\"logo_img\"><!-- [et_pb_line_break_holder] -->\t\t\t<\/p>\n<div class=\"img_wrapper\"><!-- [et_pb_line_break_holder] -->\t\t\t\t<img decoding=\"async\" src=\"https:\/\/gasoilsrovira.com\/wp-content\/uploads\/2021\/02\/avaicio-logo6.png\" alt=\"\" title=\"\"><!-- [et_pb_line_break_holder] -->\t\t\t<\/div>\n<p><!-- [et_pb_line_break_holder] -->\t\t<\/div>\n<p><!-- [et_pb_line_break_holder] -->\t<\/div>\n<p><!-- [et_pb_line_break_holder] --><\/div>\n<p>[\/et_pb_code][\/et_pb_column][\/et_pb_row][\/et_pb_section][et_pb_section fb_built=\u00bb1&#8243; admin_label=\u00bbaviacio_gallery\u00bb module_class=\u00bbaviacio_gallery\u00bb _builder_version=\u00bb4.16&#8243; _module_preset=\u00bbdefault\u00bb custom_padding=\u00bb0px||0px||false|false\u00bb collapsed=\u00bboff\u00bb global_colors_info=\u00bb{}\u00bb][et_pb_row column_structure=\u00bb1_5,1_5,1_5,1_5,1_5&#8243; make_equal=\u00bbon\u00bb _builder_version=\u00bb4.16&#8243; _module_preset=\u00bbdefault\u00bb width=\u00bb100%\u00bb max_width=\u00bb100%\u00bb custom_padding=\u00bb0px||0px||false|false\u00bb global_colors_info=\u00bb{}\u00bb][et_pb_column type=\u00bb1_5&#8243; _builder_version=\u00bb4.16&#8243; _module_preset=\u00bbdefault\u00bb global_colors_info=\u00bb{}\u00bb][et_pb_image src=\u00bbhttps:\/\/gasoilsrovira.com\/wp-content\/uploads\/2021\/02\/gallery-img1.jpg\u00bb title_text=\u00bbgallery-img1&#8243; align=\u00bbcenter\u00bb _builder_version=\u00bb4.16&#8243; _module_preset=\u00bbdefault\u00bb width=\u00bb100%\u00bb max_width=\u00bb100%\u00bb global_colors_info=\u00bb{}\u00bb][\/et_pb_image][\/et_pb_column][et_pb_column type=\u00bb1_5&#8243; _builder_version=\u00bb4.16&#8243; _module_preset=\u00bbdefault\u00bb global_colors_info=\u00bb{}\u00bb][et_pb_image src=\u00bbhttps:\/\/gasoilsrovira.com\/wp-content\/uploads\/2021\/02\/gallery-img2.jpg\u00bb title_text=\u00bbgallery-img2&#8243; align=\u00bbcenter\u00bb _builder_version=\u00bb4.16&#8243; _module_preset=\u00bbdefault\u00bb width=\u00bb100%\u00bb max_width=\u00bb100%\u00bb global_colors_info=\u00bb{}\u00bb][\/et_pb_image][\/et_pb_column][et_pb_column type=\u00bb1_5&#8243; _builder_version=\u00bb4.16&#8243; _module_preset=\u00bbdefault\u00bb global_colors_info=\u00bb{}\u00bb][et_pb_image src=\u00bbhttps:\/\/gasoilsrovira.com\/wp-content\/uploads\/2021\/02\/gallery-img3.jpg\u00bb title_text=\u00bbgallery-img3&#8243; align=\u00bbcenter\u00bb _builder_version=\u00bb4.16&#8243; _module_preset=\u00bbdefault\u00bb width=\u00bb100%\u00bb max_width=\u00bb100%\u00bb global_colors_info=\u00bb{}\u00bb][\/et_pb_image][\/et_pb_column][et_pb_column type=\u00bb1_5&#8243; _builder_version=\u00bb4.16&#8243; _module_preset=\u00bbdefault\u00bb global_colors_info=\u00bb{}\u00bb][et_pb_image src=\u00bbhttps:\/\/gasoilsrovira.com\/wp-content\/uploads\/2021\/02\/gallery-img4.jpg\u00bb title_text=\u00bbgallery-img4&#8243; align=\u00bbcenter\u00bb _builder_version=\u00bb4.16&#8243; _module_preset=\u00bbdefault\u00bb width=\u00bb100%\u00bb max_width=\u00bb100%\u00bb global_colors_info=\u00bb{}\u00bb][\/et_pb_image][\/et_pb_column][et_pb_column type=\u00bb1_5&#8243; _builder_version=\u00bb4.16&#8243; _module_preset=\u00bbdefault\u00bb global_colors_info=\u00bb{}\u00bb][et_pb_image src=\u00bbhttps:\/\/gasoilsrovira.com\/wp-content\/uploads\/2021\/02\/gallery-img5.jpg\u00bb title_text=\u00bbgallery-img5&#8243; align=\u00bbcenter\u00bb _builder_version=\u00bb4.16&#8243; _module_preset=\u00bbdefault\u00bb width=\u00bb100%\u00bb max_width=\u00bb100%\u00bb global_colors_info=\u00bb{}\u00bb][\/et_pb_image][\/et_pb_column][\/et_pb_row][\/et_pb_section][et_pb_section fb_built=\u00bb1&#8243; fullwidth=\u00bbon\u00bb module_class=\u00bbaviacio_gallery_slider\u00bb _builder_version=\u00bb4.16&#8243; _module_preset=\u00bbdefault\u00bb global_colors_info=\u00bb{}\u00bb][et_pb_fullwidth_code _builder_version=\u00bb4.16&#8243; _module_preset=\u00bbdefault\u00bb global_colors_info=\u00bb{}\u00bb]<\/p>\n<div class=\"owl-carousel owl-theme\"><!-- [et_pb_line_break_holder] -->    <\/p>\n<div class=\"item\"><!-- [et_pb_line_break_holder] -->\t\t<\/p>\n<div class=\"logo_img\"><!-- [et_pb_line_break_holder] -->\t\t\t<\/p>\n<div class=\"img_wrapper\"><!-- [et_pb_line_break_holder] -->\t\t\t\t<img decoding=\"async\" src=\"https:\/\/gasoilsrovira.com\/wp-content\/uploads\/2021\/02\/gallery-img1.jpg\" alt=\"\" title=\"\"><!-- [et_pb_line_break_holder] -->\t\t\t<\/div>\n<p><!-- [et_pb_line_break_holder] -->\t\t<\/div>\n<p><!-- [et_pb_line_break_holder] -->\t<\/div>\n<p><!-- [et_pb_line_break_holder] -->\t<\/p>\n<div class=\"item\"><!-- [et_pb_line_break_holder] -->\t\t<\/p>\n<div class=\"logo_img\"><!-- [et_pb_line_break_holder] -->\t\t\t<\/p>\n<div class=\"img_wrapper\"><!-- [et_pb_line_break_holder] -->\t\t\t\t<img decoding=\"async\" src=\"https:\/\/gasoilsrovira.com\/wp-content\/uploads\/2021\/02\/gallery-img2.jpg\" alt=\"\" title=\"\"><!-- [et_pb_line_break_holder] -->\t\t\t<\/div>\n<p><!-- [et_pb_line_break_holder] -->\t\t<\/div>\n<p><!-- [et_pb_line_break_holder] -->\t<\/div>\n<p><!-- [et_pb_line_break_holder] -->\t<\/p>\n<div class=\"item\"><!-- [et_pb_line_break_holder] -->\t\t<\/p>\n<div class=\"logo_img\"><!-- [et_pb_line_break_holder] -->\t\t\t<\/p>\n<div class=\"img_wrapper\"><!-- [et_pb_line_break_holder] -->\t\t\t\t<img decoding=\"async\" src=\"https:\/\/gasoilsrovira.com\/wp-content\/uploads\/2021\/02\/gallery-img3.jpg\" alt=\"\" title=\"\"><!-- [et_pb_line_break_holder] -->\t\t\t<\/div>\n<p><!-- [et_pb_line_break_holder] -->\t\t<\/div>\n<p><!-- [et_pb_line_break_holder] -->\t<\/div>\n<p><!-- [et_pb_line_break_holder] -->\t<\/p>\n<div class=\"item\"><!-- [et_pb_line_break_holder] -->\t\t<\/p>\n<div class=\"logo_img\"><!-- [et_pb_line_break_holder] -->\t\t\t<\/p>\n<div class=\"img_wrapper\"><!-- [et_pb_line_break_holder] -->\t\t\t\t<img decoding=\"async\" src=\"https:\/\/gasoilsrovira.com\/wp-content\/uploads\/2021\/02\/gallery-img4.jpg\" alt=\"\" title=\"\"><!-- [et_pb_line_break_holder] -->\t\t\t<\/div>\n<p><!-- [et_pb_line_break_holder] -->\t\t<\/div>\n<p><!-- [et_pb_line_break_holder] -->\t<\/div>\n<p><!-- [et_pb_line_break_holder] -->\t<\/p>\n<div class=\"item\"><!-- [et_pb_line_break_holder] -->\t\t<\/p>\n<div class=\"logo_img\"><!-- [et_pb_line_break_holder] -->\t\t\t<\/p>\n<div class=\"img_wrapper\"><!-- [et_pb_line_break_holder] -->\t\t\t\t<img decoding=\"async\" src=\"https:\/\/gasoilsrovira.com\/wp-content\/uploads\/2021\/02\/gallery-img5.jpg\" alt=\"\" title=\"\"><!-- [et_pb_line_break_holder] -->\t\t\t<\/div>\n<p><!-- [et_pb_line_break_holder] -->\t\t<\/div>\n<p><!-- [et_pb_line_break_holder] -->\t<\/div>\n<p><!-- [et_pb_line_break_holder] -->\t<!-- [et_pb_line_break_holder] --><!-- [et_pb_line_break_holder] --><\/div>\n<p>[\/et_pb_fullwidth_code][\/et_pb_section][et_pb_section fb_built=\u00bb1&#8243; admin_label=\u00bbcallus_sec\u00bb module_class=\u00bbcallus_sec\u00bb _builder_version=\u00bb4.16&#8243; _module_preset=\u00bbdefault\u00bb custom_padding=\u00bb40px||40px||false|false\u00bb saved_tabs=\u00bball\u00bb collapsed=\u00bboff\u00bb global_colors_info=\u00bb{}\u00bb][et_pb_row module_class=\u00bbsec_row\u00bb _builder_version=\u00bb4.16&#8243; _module_preset=\u00bbdefault\u00bb custom_padding=\u00bb0px||0px||false|false\u00bb global_colors_info=\u00bb{}\u00bb][et_pb_column type=\u00bb4_4&#8243; _builder_version=\u00bb4.16&#8243; _module_preset=\u00bbdefault\u00bb global_colors_info=\u00bb{}\u00bb][et_pb_text module_class=\u00bbcontent_block\u00bb _builder_version=\u00bb4.16&#8243; _module_preset=\u00bbdefault\u00bb text_text_color=\u00bb#1b6d42&#8243; text_orientation=\u00bbcenter\u00bb global_colors_info=\u00bb{}\u00bb]<\/p>\n<h3>tambi\u00e9n puedes hacer tu pedido llamando al:<\/h3>\n<p><em>93 820 77 77<\/em>[\/et_pb_text][\/et_pb_column][\/et_pb_row][\/et_pb_section]<\/p>\n","protected":false},"excerpt":{"rendered":"<p>AVIACI\u00d3N Desde 2002 nuestra empresa se dedica tambi\u00e9n al transporte y suministro directo de combustibles de uso en aviaci\u00f3n civil (JET A-1 y AVGAS 100 LL). Este servicio naci\u00f3 para satisfacer la creciente demanda de este tipo de combustibles para las aeronaves que desempe\u00f1an tarbajos fuera de recintos aeroportuarios. Sin embargo, los combustibles de aviaci\u00f3n [&hellip;]<\/p>\n","protected":false},"author":1,"featured_media":0,"parent":0,"menu_order":0,"comment_status":"closed","ping_status":"closed","template":"","meta":{"_et_pb_use_builder":"on","_et_pb_old_content":"","_et_gb_content_width":"","om_disable_all_campaigns":false,"_monsterinsights_skip_tracking":false,"_monsterinsights_sitenote_active":false,"_monsterinsights_sitenote_note":"","_monsterinsights_sitenote_category":0,"_uf_show_specific_survey":0,"_uf_disable_surveys":false,"footnotes":""},"class_list":["post-933","page","type-page","status-publish","hentry"],"aioseo_notices":[],"_links":{"self":[{"href":"https:\/\/gasoilsrovira.com\/es\/wp-json\/wp\/v2\/pages\/933","targetHints":{"allow":["GET"]}}],"collection":[{"href":"https:\/\/gasoilsrovira.com\/es\/wp-json\/wp\/v2\/pages"}],"about":[{"href":"https:\/\/gasoilsrovira.com\/es\/wp-json\/wp\/v2\/types\/page"}],"author":[{"embeddable":true,"href":"https:\/\/gasoilsrovira.com\/es\/wp-json\/wp\/v2\/users\/1"}],"replies":[{"embeddable":true,"href":"https:\/\/gasoilsrovira.com\/es\/wp-json\/wp\/v2\/comments?post=933"}],"version-history":[{"count":12,"href":"https:\/\/gasoilsrovira.com\/es\/wp-json\/wp\/v2\/pages\/933\/revisions"}],"predecessor-version":[{"id":2033,"href":"https:\/\/gasoilsrovira.com\/es\/wp-json\/wp\/v2\/pages\/933\/revisions\/2033"}],"wp:attachment":[{"href":"https:\/\/gasoilsrovira.com\/es\/wp-json\/wp\/v2\/media?parent=933"}],"curies":[{"name":"wp","href":"https:\/\/api.w.org\/{rel}","templated":true}]}}