{"id":917,"date":"2021-02-24T06:06:30","date_gmt":"2021-02-24T06:06:30","guid":{"rendered":"http:\/\/gasoilsrovira.com\/autorentatges\/"},"modified":"2023-06-26T10:58:39","modified_gmt":"2023-06-26T10:58:39","slug":"autorentatges","status":"publish","type":"page","link":"https:\/\/gasoilsrovira.com\/es\/autorentatges\/","title":{"rendered":"Autolavados"},"content":{"rendered":"<p>[et_pb_section fb_built=\u00bb1&#8243; fullwidth=\u00bbon\u00bb admin_label=\u00bbsingle_full_width_img\u00bb module_class=\u00bbsingle_full_width_img\u00bb _builder_version=\u00bb4.19.4&#8243; _module_preset=\u00bbdefault\u00bb collapsed=\u00bbon\u00bb global_colors_info=\u00bb{}\u00bb][et_pb_fullwidth_image src=\u00bbhttps:\/\/gasoilsrovira.com\/wp-content\/uploads\/2023\/06\/suria001_fons.png\u00bb title_text=\u00bbsuria001_fons\u00bb _builder_version=\u00bb4.19.4&#8243; _module_preset=\u00bbdefault\u00bb background_enable_image=\u00bboff\u00bb global_colors_info=\u00bb{}\u00bb][\/et_pb_fullwidth_image][\/et_pb_section][et_pb_section fb_built=\u00bb1&#8243; fullwidth=\u00bbon\u00bb _builder_version=\u00bb4.19.4&#8243; _module_preset=\u00bbdefault\u00bb global_colors_info=\u00bb{}\u00bb][\/et_pb_section][et_pb_section fb_built=\u00bb1&#8243; admin_label=\u00bbautorentatges_sec1&#8243; module_class=\u00bbautorentatges_sec1&#8243; _builder_version=\u00bb4.16&#8243; custom_margin=\u00bb-84px|||||\u00bb custom_padding=\u00bb60px||12px||false|false\u00bb collapsed=\u00bboff\u00bb global_colors_info=\u00bb{}\u00bb][et_pb_row module_class=\u00bbsec_row\u00bb _builder_version=\u00bb4.16&#8243; background_size=\u00bbinitial\u00bb background_position=\u00bbtop_left\u00bb background_repeat=\u00bbrepeat\u00bb custom_padding=\u00bb0px||0px||false|false\u00bb global_colors_info=\u00bb{}\u00bb][et_pb_column type=\u00bb4_4&#8243; _builder_version=\u00bb4.16&#8243; custom_padding=\u00bb|||\u00bb global_colors_info=\u00bb{}\u00bb custom_padding__hover=\u00bb|||\u00bb][et_pb_text _builder_version=\u00bb4.19.4&#8243; background_size=\u00bbinitial\u00bb background_position=\u00bbtop_left\u00bb background_repeat=\u00bbrepeat\u00bb text_orientation=\u00bbcenter\u00bb global_colors_info=\u00bb{}\u00bb]<\/p>\n<h1>NUESTROS<br \/>AUTOLAVADOS<\/h1>\n<p>Gestionamos 4 autolavados, dos en Sabadell, en S\u00faria y en Aviny\u00f3<\/p>\n<p>&nbsp;<\/p>\n<p>[\/et_pb_text][\/et_pb_column][\/et_pb_row][\/et_pb_section][et_pb_section fb_built=\u00bb1&#8243; admin_label=\u00bbour_locations\u00bb module_class=\u00bbour_locations\u00bb _builder_version=\u00bb4.16&#8243; _module_preset=\u00bbdefault\u00bb custom_padding=\u00bb0px||0px||false|false\u00bb collapsed=\u00bboff\u00bb global_colors_info=\u00bb{}\u00bb][et_pb_row column_structure=\u00bb1_2,1_2&#8243; use_custom_gutter=\u00bbon\u00bb gutter_width=\u00bb1&#8243; make_equal=\u00bbon\u00bb admin_label=\u00bbsec_row\u00bb module_class=\u00bbsec_row\u00bb _builder_version=\u00bb4.16&#8243; _module_preset=\u00bbdefault\u00bb width=\u00bb100%\u00bb max_width=\u00bb100%\u00bb custom_padding=\u00bb0px||0px||false|false\u00bb collapsed=\u00bboff\u00bb global_colors_info=\u00bb{}\u00bb][et_pb_column type=\u00bb1_2&#8243; module_class=\u00bbour_loc_block\u00bb _builder_version=\u00bb4.16&#8243; _module_preset=\u00bbdefault\u00bb global_colors_info=\u00bb{}\u00bb][et_pb_gallery gallery_ids=\u00bb1577,1579,1583,1585&#8243; fullwidth=\u00bbon\u00bb _builder_version=\u00bb4.19.4&#8243; _module_preset=\u00bbdefault\u00bb animation_style=\u00bbfade\u00bb auto=\u00bbon\u00bb auto_speed=\u00bb4000&#8243; global_colors_info=\u00bb{}\u00bb][\/et_pb_gallery][et_pb_text module_class=\u00bblocation_detail\u00bb _builder_version=\u00bb4.19.4&#8243; _module_preset=\u00bbdefault\u00bb custom_padding=\u00bb||118px|||\u00bb global_colors_info=\u00bb{}\u00bb]<\/p>\n<h3>SABADELL<\/h3>\n<p>Autolavado<\/p>\n<p>C\/ Sant Ferran, 275 &#8211; 08205 Sabadell<\/p>\n<div class=\"sec_icons\"><img decoding=\"async\" src=\"https:\/\/gasoilsrovira.com\/wp-content\/uploads\/2021\/02\/icon-male-female.png\" \/><br \/><img decoding=\"async\" src=\"https:\/\/gasoilsrovira.com\/wp-content\/uploads\/2021\/02\/icon-coffee-cup.png\" \/><br \/><img decoding=\"async\" src=\"https:\/\/gasoilsrovira.com\/wp-content\/uploads\/2021\/02\/icon-carwash.png\" \/><img decoding=\"async\" src=\"https:\/\/gasoilsrovira.com\/wp-content\/uploads\/2021\/02\/icon-chair.png\" \/><\/div>\n<p>[\/et_pb_text][et_pb_map address=\u00bbRambla d&#8217;Ib\u00e8ria, 203, 08192 Sabadell, Barcelona, Spain\u00bb address_lat=\u00bb41.5363494&#8243; address_lng=\u00bb2.0963261&#8243; mouse_wheel=\u00bboff\u00bb module_class=\u00bbblock_map\u00bb _builder_version=\u00bb4.16&#8243; _module_preset=\u00bbdefault\u00bb vertical_offset_tablet=\u00bb0&#8243; horizontal_offset_tablet=\u00bb0&#8243; height=\u00bb320px\u00bb custom_margin=\u00bb||40px|||\u00bb z_index_tablet=\u00bb0&#8243; box_shadow_horizontal_tablet=\u00bb0px\u00bb box_shadow_vertical_tablet=\u00bb0px\u00bb box_shadow_blur_tablet=\u00bb40px\u00bb box_shadow_spread_tablet=\u00bb0px\u00bb global_colors_info=\u00bb{}\u00bb][et_pb_map_pin pin_address=\u00bbRambla d&#8217;Ib\u00e8ria, 203, 08192 Sabadell, Barcelona, Spain\u00bb pin_address_lat=\u00bb41.5363494&#8243; pin_address_lng=\u00bb2.0963261&#8243; _builder_version=\u00bb4.9.0&#8243; global_colors_info=\u00bb{}\u00bb][\/et_pb_map_pin][\/et_pb_map][\/et_pb_column][et_pb_column type=\u00bb1_2&#8243; module_class=\u00bbour_loc_block\u00bb _builder_version=\u00bb4.16&#8243; _module_preset=\u00bbdefault\u00bb global_colors_info=\u00bb{}\u00bb][et_pb_gallery gallery_ids=\u00bb1569,1414,1571,1573&#8243; fullwidth=\u00bbon\u00bb _builder_version=\u00bb4.19.4&#8243; _module_preset=\u00bbdefault\u00bb animation_style=\u00bbfade\u00bb auto=\u00bbon\u00bb auto_speed=\u00bb4000&#8243; global_colors_info=\u00bb{}\u00bb][\/et_pb_gallery][et_pb_text module_class=\u00bblocation_detail\u00bb _builder_version=\u00bb4.19.4&#8243; _module_preset=\u00bbdefault\u00bb custom_padding=\u00bb||150px|||\u00bb global_colors_info=\u00bb{}\u00bb]<\/p>\n<h3>S\u00daRIA<\/h3>\n<p>Passeig dels Joncarets, 149 \u2013 08260 S\u00faria<\/p>\n<div class=\"sec_icons\"><img decoding=\"async\" src=\"https:\/\/gasoilsrovira.com\/wp-content\/uploads\/2021\/02\/icon-24-7.png\"><br \/><img decoding=\"async\" src=\"https:\/\/gasoilsrovira.com\/wp-content\/uploads\/2021\/02\/icon-carwash.png\"><img loading=\"lazy\" decoding=\"async\" src=\"https:\/\/cdn-icons-png.flaticon.com\/512\/5231\/5231247.png\" alt=\"Aspiradora - Iconos gratis de electr\u00f3nica\" width=\"37\" height=\"37\"><\/div>\n<div class=\"sec_tags\"><\/div>\n<p>[\/et_pb_text][et_pb_map address=\u00bbPasseig Joncarets, 149, 08260 S\u00faria, Barcelona, Spain\u00bb zoom_level=\u00bb17&#8243; address_lat=\u00bb41.83578960000001&#8243; address_lng=\u00bb1.7647306&#8243; mouse_wheel=\u00bboff\u00bb module_class=\u00bbblock_map\u00bb _builder_version=\u00bb4.16&#8243; _module_preset=\u00bbdefault\u00bb vertical_offset_tablet=\u00bb0&#8243; horizontal_offset_tablet=\u00bb0&#8243; height=\u00bb320px\u00bb z_index_tablet=\u00bb0&#8243; box_shadow_horizontal_tablet=\u00bb0px\u00bb box_shadow_vertical_tablet=\u00bb0px\u00bb box_shadow_blur_tablet=\u00bb40px\u00bb box_shadow_spread_tablet=\u00bb0px\u00bb global_colors_info=\u00bb{}\u00bb][et_pb_map_pin pin_address=\u00bbPasseig Joncarets, 149, 08260 S\u00faria, Barcelona, Spain\u00bb pin_address_lat=\u00bb41.83578960000001&#8243; pin_address_lng=\u00bb1.7647306&#8243; _builder_version=\u00bb4.9.0&#8243; global_colors_info=\u00bb{}\u00bb][\/et_pb_map_pin][\/et_pb_map][\/et_pb_column][\/et_pb_row][\/et_pb_section][et_pb_section fb_built=\u00bb1&#8243; admin_label=\u00bbour_locations\u00bb module_class=\u00bbour_locations\u00bb _builder_version=\u00bb4.16&#8243; _module_preset=\u00bbdefault\u00bb custom_padding=\u00bb0px||0px||false|false\u00bb collapsed=\u00bboff\u00bb global_colors_info=\u00bb{}\u00bb][et_pb_row column_structure=\u00bb1_2,1_2&#8243; use_custom_gutter=\u00bbon\u00bb gutter_width=\u00bb1&#8243; make_equal=\u00bbon\u00bb admin_label=\u00bbsec_row\u00bb module_class=\u00bbsec_row\u00bb _builder_version=\u00bb4.16&#8243; _module_preset=\u00bbdefault\u00bb width=\u00bb100%\u00bb max_width=\u00bb100%\u00bb custom_padding=\u00bb0px||0px||false|false\u00bb collapsed=\u00bboff\u00bb global_colors_info=\u00bb{}\u00bb][et_pb_column type=\u00bb1_2&#8243; module_class=\u00bbour_loc_block\u00bb _builder_version=\u00bb4.16&#8243; _module_preset=\u00bbdefault\u00bb global_colors_info=\u00bb{}\u00bb][et_pb_gallery gallery_ids=\u00bb921&#8243; fullwidth=\u00bbon\u00bb _builder_version=\u00bb4.19.4&#8243; _module_preset=\u00bbdefault\u00bb animation_style=\u00bbfade\u00bb auto=\u00bbon\u00bb auto_speed=\u00bb4000&#8243; global_colors_info=\u00bb{}\u00bb][\/et_pb_gallery][et_pb_text module_class=\u00bblocation_detail\u00bb _builder_version=\u00bb4.19.4&#8243; _module_preset=\u00bbdefault\u00bb custom_padding=\u00bb||118px|||\u00bb global_colors_info=\u00bb{}\u00bb]<\/p>\n<h3>SABADELL<\/h3>\n<p>PUNT DE TROBADA<\/p>\n<p>Rambla d&#8217;Ib\u00e8ria, 203 &#8211; 08205 Sabadell<\/p>\n<div class=\"sec_icons\"><img decoding=\"async\" src=\"https:\/\/gasoilsrovira.com\/wp-content\/uploads\/2021\/02\/icon-24-7.png\"><br \/><img decoding=\"async\" src=\"https:\/\/gasoilsrovira.com\/wp-content\/uploads\/2021\/02\/icon-male-female.png\"><br \/><img decoding=\"async\" src=\"https:\/\/gasoilsrovira.com\/wp-content\/uploads\/2021\/02\/icon-coffee-cup.png\"><br \/><img decoding=\"async\" src=\"https:\/\/gasoilsrovira.com\/wp-content\/uploads\/2021\/02\/icon-carwash.png\"><br \/><img decoding=\"async\" src=\"https:\/\/gasoilsrovira.com\/wp-content\/uploads\/2021\/02\/icon-cart.png\"><br \/><img decoding=\"async\" src=\"https:\/\/gasoilsrovira.com\/wp-content\/uploads\/2021\/02\/icon-chair.png\"><\/div>\n<p>[\/et_pb_text][et_pb_map address=\u00bbRambla d&#8217;Ib\u00e8ria, 203, 08192 Sabadell, Barcelona, Spain\u00bb address_lat=\u00bb41.5363494&#8243; address_lng=\u00bb2.0963261&#8243; mouse_wheel=\u00bboff\u00bb module_class=\u00bbblock_map\u00bb _builder_version=\u00bb4.16&#8243; _module_preset=\u00bbdefault\u00bb vertical_offset_tablet=\u00bb0&#8243; horizontal_offset_tablet=\u00bb0&#8243; height=\u00bb320px\u00bb custom_margin=\u00bb||40px|||\u00bb z_index_tablet=\u00bb0&#8243; box_shadow_horizontal_tablet=\u00bb0px\u00bb box_shadow_vertical_tablet=\u00bb0px\u00bb box_shadow_blur_tablet=\u00bb40px\u00bb box_shadow_spread_tablet=\u00bb0px\u00bb global_colors_info=\u00bb{}\u00bb][et_pb_map_pin pin_address=\u00bbRambla d&#8217;Ib\u00e8ria, 203, 08192 Sabadell, Barcelona, Spain\u00bb pin_address_lat=\u00bb41.5363494&#8243; pin_address_lng=\u00bb2.0963261&#8243; _builder_version=\u00bb4.9.0&#8243; global_colors_info=\u00bb{}\u00bb][\/et_pb_map_pin][\/et_pb_map][\/et_pb_column][et_pb_column type=\u00bb1_2&#8243; module_class=\u00bbour_loc_block\u00bb _builder_version=\u00bb4.16&#8243; _module_preset=\u00bbdefault\u00bb global_colors_info=\u00bb{}\u00bb][et_pb_gallery gallery_ids=\u00bb920&#8243; fullwidth=\u00bbon\u00bb _builder_version=\u00bb4.19.4&#8243; _module_preset=\u00bbdefault\u00bb global_colors_info=\u00bb{}\u00bb][\/et_pb_gallery][et_pb_text module_class=\u00bblocation_detail\u00bb _builder_version=\u00bb4.19.4&#8243; _module_preset=\u00bbdefault\u00bb custom_padding=\u00bb||150px|||\u00bb global_colors_info=\u00bb{}\u00bb]<\/p>\n<h3>AVINY\u00d3<\/h3>\n<p>C\/ Antoni Pont, s\/n \u2013 08279 Aviny\u00f3<\/p>\n<div class=\"sec_icons\"><img decoding=\"async\" src=\"https:\/\/gasoilsrovira.com\/wp-content\/uploads\/2021\/02\/icon-24-7.png\"><br \/><img decoding=\"async\" src=\"https:\/\/gasoilsrovira.com\/wp-content\/uploads\/2021\/02\/icon-carwash.png\"><img loading=\"lazy\" decoding=\"async\" src=\"https:\/\/cdn-icons-png.flaticon.com\/512\/5231\/5231247.png\" alt=\"Aspiradora - Iconos gratis de electr\u00f3nica\" width=\"37\" height=\"37\"><\/div>\n<div class=\"sec_tags\"><\/div>\n<p>[\/et_pb_text][et_pb_map address=\u00bbPasseig Joncarets, 149, 08260 S\u00faria, Barcelona, Spain\u00bb zoom_level=\u00bb17&#8243; address_lat=\u00bb41.83578960000001&#8243; address_lng=\u00bb1.7647306&#8243; mouse_wheel=\u00bboff\u00bb module_class=\u00bbblock_map\u00bb _builder_version=\u00bb4.16&#8243; _module_preset=\u00bbdefault\u00bb vertical_offset_tablet=\u00bb0&#8243; horizontal_offset_tablet=\u00bb0&#8243; height=\u00bb320px\u00bb z_index_tablet=\u00bb0&#8243; box_shadow_horizontal_tablet=\u00bb0px\u00bb box_shadow_vertical_tablet=\u00bb0px\u00bb box_shadow_blur_tablet=\u00bb40px\u00bb box_shadow_spread_tablet=\u00bb0px\u00bb global_colors_info=\u00bb{}\u00bb][et_pb_map_pin pin_address=\u00bbPasseig Joncarets, 149, 08260 S\u00faria, Barcelona, Spain\u00bb pin_address_lat=\u00bb41.83578960000001&#8243; pin_address_lng=\u00bb1.7647306&#8243; _builder_version=\u00bb4.9.0&#8243; global_colors_info=\u00bb{}\u00bb][\/et_pb_map_pin][\/et_pb_map][\/et_pb_column][\/et_pb_row][\/et_pb_section]<\/p>\n","protected":false},"excerpt":{"rendered":"<p>NUESTROSAUTOLAVADOS Gestionamos 4 autolavados, dos en Sabadell, en S\u00faria y en Aviny\u00f3 &nbsp;SABADELL Autolavado C\/ Sant Ferran, 275 &#8211; 08205 Sabadell S\u00daRIA Passeig dels Joncarets, 149 \u2013 08260 S\u00faria SABADELL PUNT DE TROBADA Rambla d&#8217;Ib\u00e8ria, 203 &#8211; 08205 Sabadell AVINY\u00d3 C\/ Antoni Pont, s\/n \u2013 08279 Aviny\u00f3<\/p>\n","protected":false},"author":1,"featured_media":0,"parent":0,"menu_order":0,"comment_status":"closed","ping_status":"closed","template":"","meta":{"_et_pb_use_builder":"on","_et_pb_old_content":"","_et_gb_content_width":"","om_disable_all_campaigns":false,"_monsterinsights_skip_tracking":false,"_monsterinsights_sitenote_active":false,"_monsterinsights_sitenote_note":"","_monsterinsights_sitenote_category":0,"_uf_show_specific_survey":0,"_uf_disable_surveys":false,"footnotes":""},"class_list":["post-917","page","type-page","status-publish","hentry"],"aioseo_notices":[],"_links":{"self":[{"href":"https:\/\/gasoilsrovira.com\/es\/wp-json\/wp\/v2\/pages\/917","targetHints":{"allow":["GET"]}}],"collection":[{"href":"https:\/\/gasoilsrovira.com\/es\/wp-json\/wp\/v2\/pages"}],"about":[{"href":"https:\/\/gasoilsrovira.com\/es\/wp-json\/wp\/v2\/types\/page"}],"author":[{"embeddable":true,"href":"https:\/\/gasoilsrovira.com\/es\/wp-json\/wp\/v2\/users\/1"}],"replies":[{"embeddable":true,"href":"https:\/\/gasoilsrovira.com\/es\/wp-json\/wp\/v2\/comments?post=917"}],"version-history":[{"count":8,"href":"https:\/\/gasoilsrovira.com\/es\/wp-json\/wp\/v2\/pages\/917\/revisions"}],"predecessor-version":[{"id":1967,"href":"https:\/\/gasoilsrovira.com\/es\/wp-json\/wp\/v2\/pages\/917\/revisions\/1967"}],"wp:attachment":[{"href":"https:\/\/gasoilsrovira.com\/es\/wp-json\/wp\/v2\/media?parent=917"}],"curies":[{"name":"wp","href":"https:\/\/api.w.org\/{rel}","templated":true}]}}