{"id":861,"date":"2021-02-23T10:59:33","date_gmt":"2021-02-23T10:59:33","guid":{"rendered":"http:\/\/gasoilsrovira.com\/home\/"},"modified":"2026-03-13T17:30:17","modified_gmt":"2026-03-13T17:30:17","slug":"home","status":"publish","type":"page","link":"https:\/\/gasoilsrovira.com\/es\/","title":{"rendered":"Home"},"content":{"rendered":"<p>[et_pb_section fb_built=\u00bb1&#8243; fullwidth=\u00bbon\u00bb admin_label=\u00bbhome_slider\u00bb module_class=\u00bbhome_slider\u00bb _builder_version=\u00bb4.16&#8243; _module_preset=\u00bbdefault\u00bb collapsed=\u00bboff\u00bb global_colors_info=\u00bb{}\u00bb][et_pb_fullwidth_slider _builder_version=\u00bb4.19.4&#8243; _dynamic_attributes=\u00bblink_option_url\u00bb _module_preset=\u00bbdefault\u00bb animation_style=\u00bbfade\u00bb animation_delay=\u00bb500ms\u00bb auto=\u00bbon\u00bb auto_ignore_hover=\u00bbon\u00bb link_option_url=\u00bb@ET-DC@eyJkeW5hbWljIjp0cnVlLCJjb250ZW50IjoicG9zdF9saW5rX3VybF9wYWdlIiwic2V0dGluZ3MiOnsicG9zdF9pZCI6IjkwMyJ9fQ==@\u00bb global_colors_info=\u00bb{}\u00bb][et_pb_slide button_text=\u00bbDESCRUBRE\u00bb button_link=\u00bb@ET-DC@eyJkeW5hbWljIjp0cnVlLCJjb250ZW50IjoicG9zdF9saW5rX3VybF9wYWdlIiwic2V0dGluZ3MiOnsicG9zdF9pZCI6IjkwMyJ9fQ==@\u00bb _builder_version=\u00bb4.19.4&#8243; _dynamic_attributes=\u00bbbutton_link\u00bb _module_preset=\u00bbdefault\u00bb background_enable_color=\u00bboff\u00bb background_image=\u00bbhttps:\/\/gasoilsrovira.com\/wp-content\/uploads\/2023\/06\/degredatsuria.png\u00bb background_enable_image=\u00bbon\u00bb text_orientation=\u00bbleft\u00bb global_colors_info=\u00bb{}\u00bb sticky_transition=\u00bbon\u00bb]<\/p>\n<h1>GASOLINERAS<\/h1>\n<p>[\/et_pb_slide][et_pb_slide button_text=\u00bbHAZ PEDIDO\u00bb button_link=\u00bb@ET-DC@eyJkeW5hbWljIjp0cnVlLCJjb250ZW50IjoicG9zdF9saW5rX3VybF9wYWdlIiwic2V0dGluZ3MiOnsicG9zdF9pZCI6Ijk0OSJ9fQ==@\u00bb _builder_version=\u00bb4.19.4&#8243; _dynamic_attributes=\u00bbbutton_link\u00bb _module_preset=\u00bbdefault\u00bb background_enable_color=\u00bboff\u00bb background_image=\u00bbhttps:\/\/gasoilsrovira.com\/wp-content\/uploads\/2021\/02\/slider-img3.jpg\u00bb background_enable_image=\u00bbon\u00bb text_orientation=\u00bbleft\u00bb global_colors_info=\u00bb{}\u00bb sticky_transition=\u00bbon\u00bb]<\/p>\n<h1>SERVICIO DE GAS\u00d3LEO<br \/>A DOMICILIO<\/h1>\n<p>[\/et_pb_slide][et_pb_slide button_text=\u00bbDESCUBRE\u00bb button_link=\u00bb@ET-DC@eyJkeW5hbWljIjp0cnVlLCJjb250ZW50IjoicG9zdF9saW5rX3VybF9wYWdlIiwic2V0dGluZ3MiOnsicG9zdF9pZCI6Ijk1OSJ9fQ==@\u00bb _builder_version=\u00bb4.19.4&#8243; _dynamic_attributes=\u00bbbutton_link\u00bb _module_preset=\u00bbdefault\u00bb background_image=\u00bbhttps:\/\/gasoilsrovira.com\/wp-content\/uploads\/2021\/02\/slider-img2.jpg\u00bb background_enable_image=\u00bbon\u00bb text_orientation=\u00bbleft\u00bb global_colors_info=\u00bb{}\u00bb sticky_transition=\u00bbon\u00bb]<\/p>\n<h1>ENERG\u00cdA<br \/>PARA MOVER<br \/>EL MUNDO<\/h1>\n<p>[\/et_pb_slide][et_pb_slide button_text=\u00bbDESCUBRE\u00bb button_link=\u00bb@ET-DC@eyJkeW5hbWljIjp0cnVlLCJjb250ZW50IjoicG9zdF9saW5rX3VybF9wYWdlIiwic2V0dGluZ3MiOnsicG9zdF9pZCI6IjkxNyJ9fQ==@\u00bb _builder_version=\u00bb4.19.4&#8243; _dynamic_attributes=\u00bbbutton_link\u00bb _module_preset=\u00bbdefault\u00bb background_image=\u00bbhttps:\/\/gasoilsrovira.com\/wp-content\/uploads\/2023\/06\/degredatrentador.png\u00bb background_enable_image=\u00bbon\u00bb text_orientation=\u00bbleft\u00bb global_colors_info=\u00bb{}\u00bb sticky_transition=\u00bbon\u00bb]<\/p>\n<h1>AUTOLAVADO<\/h1>\n<p>[\/et_pb_slide][\/et_pb_fullwidth_slider][et_pb_fullwidth_image src=\u00bbhttps:\/\/gasoilsrovira.com\/wp-content\/uploads\/2021\/02\/arrow-down.png\u00bb title_text=\u00bbarrow-down\u00bb url=\u00bb#empresa_company\u00bb admin_label=\u00bbmoveto_sec\u00bb module_class=\u00bbmoveto_sec\u00bb _builder_version=\u00bb4.16&#8243; _module_preset=\u00bbdefault\u00bb custom_margin=\u00bb2px|||||\u00bb global_colors_info=\u00bb{}\u00bb][\/et_pb_fullwidth_image][\/et_pb_section][et_pb_section fb_built=\u00bb1&#8243; admin_label=\u00bbempresa_company\u00bb module_id=\u00bbempresa_company\u00bb module_class=\u00bbempresa_company\u00bb _builder_version=\u00bb4.19.4&#8243; _module_preset=\u00bbdefault\u00bb custom_padding=\u00bb65px||0px||false|false\u00bb collapsed=\u00bboff\u00bb global_colors_info=\u00bb{}\u00bb][et_pb_row _builder_version=\u00bb4.16&#8243; _module_preset=\u00bbdefault\u00bb custom_margin=\u00bb21px|auto|40px|auto|false|false\u00bb custom_padding=\u00bb0px||0px||false|false\u00bb collapsed=\u00bboff\u00bb global_colors_info=\u00bb{}\u00bb][et_pb_column type=\u00bb4_4&#8243; _builder_version=\u00bb4.16&#8243; _module_preset=\u00bbdefault\u00bb global_colors_info=\u00bb{}\u00bb][et_pb_text module_class=\u00bbmain_title\u00bb _builder_version=\u00bb4.16&#8243; _module_preset=\u00bbdefault\u00bb text_orientation=\u00bbcenter\u00bb custom_margin=\u00bb||0px||false|false\u00bb global_colors_info=\u00bb{}\u00bb]<\/p>\n<h2>SOMOS ROVIRA<br \/>\n<em>&#8211; DESDE 1975 &#8211;<\/em><\/h2>\n<p>[\/et_pb_text][et_pb_text _builder_version=\u00bb4.16&#8243; _module_preset=\u00bbdefault\u00bb text_font=\u00bbPoppins|500|||||||\u00bb text_text_color=\u00bb#454444&#8243; text_font_size=\u00bb20px\u00bb text_letter_spacing=\u00bb-0.2px\u00bb text_line_height=\u00bb35px\u00bb text_orientation=\u00bbcenter\u00bb global_colors_info=\u00bb{}\u00bb]Rovira Energ\u00eda es una empresa familiar<br \/>\nque opera en el sector energ\u00e9tico,<br \/>\nen la protecci\u00f3n de la naturaleza y de las personas,<br \/>\nen el tratamiento del agua<br \/>\ny en el desarrollo de las energ\u00edas renovables.[\/et_pb_text][\/et_pb_column][\/et_pb_row][et_pb_row use_custom_gutter=\u00bbon\u00bb gutter_width=\u00bb1&#8243; module_class=\u00bbsingle_full_width_img\u00bb _builder_version=\u00bb4.16&#8243; _module_preset=\u00bbdefault\u00bb width=\u00bb100%\u00bb max_width=\u00bb100%\u00bb custom_padding=\u00bb0px||0px||false|false\u00bb global_colors_info=\u00bb{}\u00bb][et_pb_column type=\u00bb4_4&#8243; _builder_version=\u00bb4.16&#8243; _module_preset=\u00bbdefault\u00bb global_colors_info=\u00bb{}\u00bb][et_pb_image src=\u00bbhttps:\/\/gasoilsrovira.com\/wp-content\/uploads\/2021\/02\/empresa-company-img.jpg\u00bb title_text=\u00bbempresa-company-img\u00bb module_class=\u00bbcompany_img\u00bb _builder_version=\u00bb4.16&#8243; _module_preset=\u00bbdefault\u00bb global_colors_info=\u00bb{}\u00bb][\/et_pb_image][\/et_pb_column][\/et_pb_row][\/et_pb_section][et_pb_section fb_built=\u00bb1&#8243; admin_label=\u00bbcompany_services\u00bb module_class=\u00bbcompany_services\u00bb _builder_version=\u00bb4.16&#8243; _module_preset=\u00bbdefault\u00bb custom_padding=\u00bb60px||0px||false|false\u00bb collapsed=\u00bboff\u00bb global_colors_info=\u00bb{}\u00bb][et_pb_row admin_label=\u00bbtitle_row\u00bb module_class=\u00bbtitle_row\u00bb _builder_version=\u00bb4.16&#8243; _module_preset=\u00bbdefault\u00bb custom_margin=\u00bb||20px||false|false\u00bb custom_padding=\u00bb0px||0px||false|false\u00bb collapsed=\u00bboff\u00bb global_colors_info=\u00bb{}\u00bb][et_pb_column type=\u00bb4_4&#8243; _builder_version=\u00bb4.16&#8243; _module_preset=\u00bbdefault\u00bb global_colors_info=\u00bb{}\u00bb][et_pb_text module_class=\u00bbmain_title\u00bb _builder_version=\u00bb4.19.4&#8243; _module_preset=\u00bbdefault\u00bb text_orientation=\u00bbcenter\u00bb custom_margin=\u00bb||0px||false|false\u00bb global_colors_info=\u00bb{}\u00bb]<\/p>\n<h2>NUESTROS<br \/>SERVICIOS<\/h2>\n<p>[\/et_pb_text][\/et_pb_column][\/et_pb_row][et_pb_row column_structure=\u00bb1_5,1_5,1_5,1_5,1_5&#8243; admin_label=\u00bbsrvc_row\u00bb module_class=\u00bbsrvc_row\u00bb _builder_version=\u00bb4.16&#8243; _module_preset=\u00bbdefault\u00bb width=\u00bb100%\u00bb max_width=\u00bb100%\u00bb custom_padding=\u00bb0px||0px||false|false\u00bb collapsed=\u00bboff\u00bb global_colors_info=\u00bb{}\u00bb][et_pb_column type=\u00bb1_5&#8243; module_class=\u00bbservice_item\u00bb _builder_version=\u00bb4.16&#8243; _module_preset=\u00bbdefault\u00bb global_colors_info=\u00bb{}\u00bb][et_pb_blurb title=\u00bbestaciones de servicio\u00bb module_class=\u00bbbox_wrapper\u00bb _builder_version=\u00bb4.19.4&#8243; _module_preset=\u00bbdefault\u00bb background_image=\u00bbhttps:\/\/gasoilsrovira.com\/wp-content\/uploads\/2023\/06\/sabadell001.png\u00bb link_option_url=\u00bb\/es\/benzineres\/\u00bb global_colors_info=\u00bb{}\u00bb][\/et_pb_blurb][\/et_pb_column][et_pb_column type=\u00bb1_5&#8243; module_class=\u00bbservice_item\u00bb _builder_version=\u00bb4.16&#8243; _module_preset=\u00bbdefault\u00bb global_colors_info=\u00bb{}\u00bb][et_pb_blurb title=\u00bbaviaci\u00f3n\u00bb module_class=\u00bbbox_wrapper\u00bb _builder_version=\u00bb4.16&#8243; _module_preset=\u00bbdefault\u00bb background_image=\u00bbhttps:\/\/gasoilsrovira.com\/wp-content\/uploads\/2021\/02\/service-img2.jpg\u00bb link_option_url=\u00bb\/gasoilsrovira\/aviacio\/\u00bb global_colors_info=\u00bb{}\u00bb][\/et_pb_blurb][\/et_pb_column][et_pb_column type=\u00bb1_5&#8243; module_class=\u00bbservice_item\u00bb _builder_version=\u00bb4.16&#8243; _module_preset=\u00bbdefault\u00bb global_colors_info=\u00bb{}\u00bb][et_pb_blurb title=\u00bblavaderos\u00bb module_class=\u00bbbox_wrapper\u00bb _builder_version=\u00bb4.19.4&#8243; _module_preset=\u00bbdefault\u00bb background_image=\u00bbhttps:\/\/gasoilsrovira.com\/wp-content\/uploads\/2023\/06\/IMG_7236-1.png\u00bb link_option_url=\u00bb\/gasoilsrovira\/autorentatges\/\u00bb global_colors_info=\u00bb{}\u00bb][\/et_pb_blurb][\/et_pb_column][et_pb_column type=\u00bb1_5&#8243; module_class=\u00bbservice_item\u00bb _builder_version=\u00bb4.16&#8243; _module_preset=\u00bbdefault\u00bb global_colors_info=\u00bb{}\u00bb][et_pb_blurb title=\u00bbgas\u00f3leo a domicilio\u00bb module_class=\u00bbbox_wrapper\u00bb _builder_version=\u00bb4.19.4&#8243; _module_preset=\u00bbdefault\u00bb background_image=\u00bbhttps:\/\/gasoilsrovira.com\/wp-content\/uploads\/2021\/02\/service-img4.jpg\u00bb link_option_url=\u00bb\/gasoilsrovira\/gasoil-a-domicili\/\u00bb global_colors_info=\u00bb{}\u00bb][\/et_pb_blurb][\/et_pb_column][et_pb_column type=\u00bb1_5&#8243; module_class=\u00bbservice_item\u00bb _builder_version=\u00bb4.16&#8243; _module_preset=\u00bbdefault\u00bb global_colors_info=\u00bb{}\u00bb][et_pb_blurb title=\u00bbenerg\u00edas renovables\u00bb module_class=\u00bbbox_wrapper\u00bb _builder_version=\u00bb4.19.4&#8243; _module_preset=\u00bbdefault\u00bb background_image=\u00bbhttps:\/\/gasoilsrovira.com\/wp-content\/uploads\/2023\/06\/FocKwGdWcAAny-E.jpeg\u00bb link_option_url=\u00bb\/gasoilsrovira\/energies-renovables\/\u00bb global_colors_info=\u00bb{}\u00bb][\/et_pb_blurb][\/et_pb_column][\/et_pb_row][\/et_pb_section][et_pb_section fb_built=\u00bb1&#8243; admin_label=\u00bbour_clients\u00bb module_class=\u00bbour_clients\u00bb _builder_version=\u00bb4.16&#8243; _module_preset=\u00bbdefault\u00bb background_color=\u00bb#f6f6f6&#8243; custom_padding=\u00bb60px||40px||false|false\u00bb collapsed=\u00bboff\u00bb global_colors_info=\u00bb{}\u00bb][et_pb_row _builder_version=\u00bb4.16&#8243; _module_preset=\u00bbdefault\u00bb custom_margin=\u00bb||||false|false\u00bb custom_padding=\u00bb0px||10px||false|false\u00bb collapsed=\u00bboff\u00bb global_colors_info=\u00bb{}\u00bb][et_pb_column type=\u00bb4_4&#8243; _builder_version=\u00bb4.16&#8243; _module_preset=\u00bbdefault\u00bb global_colors_info=\u00bb{}\u00bb][et_pb_text module_class=\u00bbmain_title\u00bb _builder_version=\u00bb4.19.4&#8243; _module_preset=\u00bbdefault\u00bb text_orientation=\u00bbcenter\u00bb custom_margin=\u00bb||0px||false|false\u00bb global_colors_info=\u00bb{}\u00bb]<\/p>\n<h2>CLIENTES<br \/>DE CONFIANZA<\/h2>\n<p>Algunos de nuestros clientes son una referencia en sus sectores<\/p>\n<p>[\/et_pb_text][\/et_pb_column][\/et_pb_row][et_pb_row module_class=\u00bblogos_row\u00bb _builder_version=\u00bb4.16&#8243; _module_preset=\u00bbdefault\u00bb width=\u00bb100%\u00bb max_width=\u00bb100%\u00bb custom_padding=\u00bb0px||0px||false|false\u00bb global_colors_info=\u00bb{}\u00bb][et_pb_column type=\u00bb4_4&#8243; _builder_version=\u00bb4.16&#8243; _module_preset=\u00bbdefault\u00bb global_colors_info=\u00bb{}\u00bb][et_pb_code module_class=\u00bblogos_slider\u00bb _builder_version=\u00bb4.16&#8243; _module_preset=\u00bbdefault\u00bb global_colors_info=\u00bb{}\u00bb]<\/p>\n<div class=\"owl-carousel owl-theme\"><!-- [et_pb_line_break_holder] -->    <\/p>\n<div class=\"item\"><!-- [et_pb_line_break_holder] -->\t\t<\/p>\n<div class=\"logo_img\"><!-- [et_pb_line_break_holder] -->\t\t\t<\/p>\n<div class=\"img_wrapper\"><!-- [et_pb_line_break_holder] -->\t\t\t\t<img decoding=\"async\" src=\"https:\/\/gasoilsrovira.com\/wp-content\/uploads\/2021\/02\/logo-img1.png\" alt=\"\" title=\"\"><!-- [et_pb_line_break_holder] -->\t\t\t<\/div>\n<p><!-- [et_pb_line_break_holder] -->\t\t<\/div>\n<p><!-- [et_pb_line_break_holder] -->\t<\/div>\n<p><!-- [et_pb_line_break_holder] -->\t<\/p>\n<div class=\"item\"><!-- [et_pb_line_break_holder] -->\t\t<\/p>\n<div class=\"logo_img\"><!-- [et_pb_line_break_holder] -->\t\t\t<\/p>\n<div class=\"img_wrapper\"><!-- [et_pb_line_break_holder] -->\t\t\t\t<img decoding=\"async\" src=\"https:\/\/gasoilsrovira.com\/wp-content\/uploads\/2021\/02\/logo-img2.png\" alt=\"\" title=\"\"><!-- [et_pb_line_break_holder] -->\t\t\t<\/div>\n<p><!-- [et_pb_line_break_holder] -->\t\t<\/div>\n<p><!-- [et_pb_line_break_holder] -->\t<\/div>\n<p><!-- [et_pb_line_break_holder] -->\t<\/p>\n<div class=\"item\"><!-- [et_pb_line_break_holder] -->\t\t<\/p>\n<div class=\"logo_img\"><!-- [et_pb_line_break_holder] -->\t\t\t<\/p>\n<div class=\"img_wrapper\"><!-- [et_pb_line_break_holder] -->\t\t\t\t<img decoding=\"async\" src=\"https:\/\/gasoilsrovira.com\/wp-content\/uploads\/2021\/02\/logo-image3.png\" alt=\"\" title=\"\"><!-- [et_pb_line_break_holder] -->\t\t\t<\/div>\n<p><!-- [et_pb_line_break_holder] -->\t\t<\/div>\n<p><!-- [et_pb_line_break_holder] -->\t<\/div>\n<p><!-- [et_pb_line_break_holder] -->\t<\/p>\n<div class=\"item\"><!-- [et_pb_line_break_holder] -->\t\t<\/p>\n<div class=\"logo_img\"><!-- [et_pb_line_break_holder] -->\t\t\t<\/p>\n<div class=\"img_wrapper\"><!-- [et_pb_line_break_holder] -->\t\t\t\t<img decoding=\"async\" src=\"https:\/\/gasoilsrovira.com\/wp-content\/uploads\/2021\/02\/logo-image4.png\" alt=\"\" title=\"\"><!-- [et_pb_line_break_holder] -->\t\t\t<\/div>\n<p><!-- [et_pb_line_break_holder] -->\t\t<\/div>\n<p><!-- [et_pb_line_break_holder] -->\t<\/div>\n<p><!-- [et_pb_line_break_holder] -->\t<\/p>\n<div class=\"item\"><!-- [et_pb_line_break_holder] -->\t\t<\/p>\n<div class=\"logo_img\"><!-- [et_pb_line_break_holder] -->\t\t\t<\/p>\n<div class=\"img_wrapper\"><!-- [et_pb_line_break_holder] -->\t\t\t\t<img decoding=\"async\" src=\"https:\/\/gasoilsrovira.com\/wp-content\/uploads\/2021\/02\/logo-img5.png\" alt=\"\" title=\"\"><!-- [et_pb_line_break_holder] -->\t\t\t<\/div>\n<p><!-- [et_pb_line_break_holder] -->\t\t<\/div>\n<p><!-- [et_pb_line_break_holder] -->\t<\/div>\n<p><!-- [et_pb_line_break_holder] -->\t<\/p>\n<div class=\"item\"><!-- [et_pb_line_break_holder] -->\t\t<\/p>\n<div class=\"logo_img\"><!-- [et_pb_line_break_holder] -->\t\t\t<\/p>\n<div class=\"img_wrapper\"><!-- [et_pb_line_break_holder] -->\t\t\t\t<img decoding=\"async\" src=\"https:\/\/gasoilsrovira.com\/wp-content\/uploads\/2021\/02\/logo-image6.png\" alt=\"\" title=\"\"><!-- [et_pb_line_break_holder] -->\t\t\t<\/div>\n<p><!-- [et_pb_line_break_holder] -->\t\t<\/div>\n<p><!-- [et_pb_line_break_holder] -->\t<\/div>\n<p><!-- [et_pb_line_break_holder] --><\/div>\n<p>[\/et_pb_code][\/et_pb_column][\/et_pb_row][\/et_pb_section][et_pb_section fb_built=\u00bb1&#8243; admin_label=\u00bbfuel_stations\u00bb module_class=\u00bbfuel_stations\u00bb _builder_version=\u00bb4.16&#8243; _module_preset=\u00bbdefault\u00bb custom_padding=\u00bb0px||0px||false|false\u00bb locked=\u00bboff\u00bb collapsed=\u00bboff\u00bb global_colors_info=\u00bb{}\u00bb][et_pb_row admin_label=\u00bbupper_row\u00bb module_class=\u00bbsingle_full_width_img\u00bb _builder_version=\u00bb4.16&#8243; _module_preset=\u00bbdefault\u00bb width=\u00bb100%\u00bb max_width=\u00bb100%\u00bb custom_padding=\u00bb0px||0px||false|false\u00bb collapsed=\u00bboff\u00bb global_colors_info=\u00bb{}\u00bb][et_pb_column type=\u00bb4_4&#8243; _builder_version=\u00bb4.16&#8243; _module_preset=\u00bbdefault\u00bb global_colors_info=\u00bb{}\u00bb][et_pb_image src=\u00bbhttps:\/\/gasoilsrovira.com\/wp-content\/uploads\/2021\/02\/fuel-station-img.jpg\u00bb title_text=\u00bbfuel-station-img\u00bb module_class=\u00bbfuel_station_img\u00bb _builder_version=\u00bb4.16&#8243; _module_preset=\u00bbdefault\u00bb global_colors_info=\u00bb{}\u00bb][\/et_pb_image][\/et_pb_column][\/et_pb_row][et_pb_row admin_label=\u00bbcontent_row\u00bb module_class=\u00bbcontent_row\u00bb _builder_version=\u00bb4.16&#8243; _module_preset=\u00bbdefault\u00bb custom_margin=\u00bb||||false|false\u00bb custom_padding=\u00bb40px||30px||false|false\u00bb collapsed=\u00bboff\u00bb global_colors_info=\u00bb{}\u00bb][et_pb_column type=\u00bb4_4&#8243; _builder_version=\u00bb4.16&#8243; _module_preset=\u00bbdefault\u00bb global_colors_info=\u00bb{}\u00bb][et_pb_text module_class=\u00bbmain_title\u00bb _builder_version=\u00bb4.19.4&#8243; _module_preset=\u00bbdefault\u00bb text_orientation=\u00bbcenter\u00bb custom_margin=\u00bb||0px||false|false\u00bb global_colors_info=\u00bb{}\u00bb]<\/p>\n<h2>ESTACIONES<br \/>DE SERVICIO<\/h2>\n<p>Gestionamos 11 gasolineras en la provincia de Barcelona.<\/p>\n<p>[\/et_pb_text][\/et_pb_column][\/et_pb_row][et_pb_row admin_label=\u00bbmap_row\u00bb module_class=\u00bbmap_row\u00bb _builder_version=\u00bb4.16&#8243; _module_preset=\u00bbdefault\u00bb width=\u00bb100%\u00bb max_width=\u00bb100%\u00bb custom_padding=\u00bb0px||0px||false|false\u00bb collapsed=\u00bboff\u00bb global_colors_info=\u00bb{}\u00bb][et_pb_column type=\u00bb4_4&#8243; _builder_version=\u00bb4.16&#8243; _module_preset=\u00bbdefault\u00bb global_colors_info=\u00bb{}\u00bb][et_pb_image src=\u00bbhttps:\/\/gasoilsrovira.com\/wp-content\/uploads\/2021\/02\/map.png\u00bb title_text=\u00bbmap\u00bb align=\u00bbcenter\u00bb disabled_on=\u00bbon|on|on\u00bb module_class=\u00bbmap_img\u00bb _builder_version=\u00bb4.19.4&#8243; _module_preset=\u00bbdefault\u00bb width=\u00bb100%\u00bb disabled=\u00bbon\u00bb global_colors_info=\u00bb{}\u00bb][\/et_pb_image][et_pb_map address=\u00bbSabadell\u00bb zoom_level=\u00bb8&#8243; address_lat=\u00bb41.659441937599&#8243; address_lng=\u00bb2.0004985973038&#8243; use_grayscale_filter=\u00bbon\u00bb grayscale_filter_amount=\u00bb40&#8243; _builder_version=\u00bb4.19.4&#8243; _module_preset=\u00bbdefault\u00bb vertical_offset_tablet=\u00bb0&#8243; horizontal_offset_tablet=\u00bb0&#8243; z_index_tablet=\u00bb0&#8243; box_shadow_horizontal_tablet=\u00bb0px\u00bb box_shadow_vertical_tablet=\u00bb0px\u00bb box_shadow_blur_tablet=\u00bb40px\u00bb box_shadow_spread_tablet=\u00bb0px\u00bb global_colors_info=\u00bb{}\u00bb][et_pb_map_pin title=\u00bbMOI\u00c0\u00bb pin_address=\u00bbCtra. de Vic, 72, 08180 Moi\u00e0, Barcelona, Espa\u00f1a\u00bb zoom_level=\u00bb16&#8243; pin_address_lat=\u00bb41.80783689733&#8243; pin_address_lng=\u00bb2.104379077832&#8243; _builder_version=\u00bb4.19.4&#8243; global_colors_info=\u00bb{}\u00bb][\/et_pb_map_pin][et_pb_map_pin title=\u00bbSABADELL, PUNT DE TROBADA\u00bb pin_address=\u00bbRambla d&#8217;Ib\u00e8ria, 203, 08192 Sabadell, Barcelona, Spain\u00bb pin_address_lat=\u00bb41.5363494&#8243; pin_address_lng=\u00bb2.0963261&#8243; _builder_version=\u00bb4.19.4&#8243; global_colors_info=\u00bb{}\u00bb][\/et_pb_map_pin][et_pb_map_pin title=\u00bbSABADELL, ROCAFORT\u00bb pin_address=\u00bbCarrer de Rocafort, 40, 08205 Sabadell, Barcelona, Espa\u00f1a\u00bb pin_address_lat=\u00bb41.536974021641&#8243; pin_address_lng=\u00bb2.0978307423279&#8243; _builder_version=\u00bb4.19.4&#8243; global_colors_info=\u00bb{}\u00bb][\/et_pb_map_pin][et_pb_map_pin title=\u00bbCALDES DE MONTBUI\u00bb pin_address=\u00bbAvinguda de Pi i Margall, 171, 08140 Caldes de Montbui, Barcelona, Spain\u00bb zoom_level=\u00bb13&#8243; pin_address_lat=\u00bb41.62464689999999&#8243; pin_address_lng=\u00bb2.1712496&#8243; _builder_version=\u00bb4.19.4&#8243; global_colors_info=\u00bb{}\u00bb][\/et_pb_map_pin][et_pb_map_pin title=\u00bbMANRESA\u00bb pin_address=\u00bbAv. dels Dolors, 19, 08243 Manresa, Barcelona, Spain\u00bb zoom_level=\u00bb15&#8243; pin_address_lat=\u00bb41.7357656&#8243; pin_address_lng=\u00bb1.8375491&#8243; _builder_version=\u00bb4.19.4&#8243; global_colors_info=\u00bb{}\u00bb][\/et_pb_map_pin][et_pb_map_pin title=\u00bbAVINY\u00d3\u00bb pin_address=\u00bbCarrer Antoni Pont, S\/N, 08279 Aviny\u00f3, Barcelona, Espa\u00f1a\u00bb zoom_level=\u00bb17&#8243; pin_address_lat=\u00bb41.867505296726&#8243; pin_address_lng=\u00bb1.9722511634461&#8243; _builder_version=\u00bb4.19.4&#8243; global_colors_info=\u00bb{}\u00bb][\/et_pb_map_pin][et_pb_map_pin title=\u00bbS\u00daRIA\u00bb pin_address=\u00bbPasseig Joncarets, 149, 08260 S\u00faria, Barcelona, Spain\u00bb zoom_level=\u00bb11&#8243; pin_address_lat=\u00bb41.83578960000001&#8243; pin_address_lng=\u00bb1.7647306&#8243; _builder_version=\u00bb4.19.4&#8243; global_colors_info=\u00bb{}\u00bb][\/et_pb_map_pin][et_pb_map_pin title=\u00bbSANT QUIRZE SAFAJA\u00bb pin_address=\u00bbDiseminado Carretera B-143, 25, 08189 Sant Quirze Safaja, Barcelona, Espa\u00f1a\u00bb zoom_level=\u00bb16&#8243; pin_address_lat=\u00bb41.720165608306&#8243; pin_address_lng=\u00bb2.1488144664734&#8243; _builder_version=\u00bb4.19.4&#8243; global_colors_info=\u00bb{}\u00bb][\/et_pb_map_pin][et_pb_map_pin title=\u00bbSANT FRUIT\u00d3S DE BAGES\u00bb pin_address=\u00bbPol. Ind. el Grau, 86, 08272 Sant Fruit\u00f3s de Bages, Barcelona, Espa\u00f1a\u00bb zoom_level=\u00bb17&#8243; pin_address_lat=\u00bb41.744810690922&#8243; pin_address_lng=\u00bb1.8581014924683&#8243; _builder_version=\u00bb4.19.4&#8243; global_colors_info=\u00bb{}\u00bb][\/et_pb_map_pin][et_pb_map_pin title=\u00bbSABADELL, ROCBLUME\u00bb pin_address=\u00bbCarrer de Rocafort, 123, 08205 Sabadell\u00bb zoom_level=\u00bb16&#8243; pin_address_lat=\u00bb41.533398705974&#8243; pin_address_lng=\u00bb2.0999121665955&#8243; _builder_version=\u00bb4.19.4&#8243; _module_preset=\u00bbdefault\u00bb global_colors_info=\u00bb{}\u00bb][\/et_pb_map_pin][et_pb_map_pin title=\u00bbL&#8217;HOSPITALET DE LLOBREGAT\u00bb pin_address=\u00bbhospitalet\u00bb zoom_level=\u00bb15&#8243; pin_address_lat=\u00bb41.359159059527&#8243; pin_address_lng=\u00bb2.1062421798706&#8243; _builder_version=\u00bb4.19.4&#8243; _module_preset=\u00bbdefault\u00bb global_colors_info=\u00bb{}\u00bb][\/et_pb_map_pin][\/et_pb_map][\/et_pb_column][\/et_pb_row][\/et_pb_section][et_pb_section fb_built=\u00bb1&#8243; admin_label=\u00bbcallus_sec\u00bb module_class=\u00bbcallus_sec\u00bb _builder_version=\u00bb4.16&#8243; _module_preset=\u00bbdefault\u00bb custom_padding=\u00bb40px||40px||false|false\u00bb saved_tabs=\u00bball\u00bb collapsed=\u00bboff\u00bb global_colors_info=\u00bb{}\u00bb][et_pb_row module_class=\u00bbsec_row\u00bb _builder_version=\u00bb4.16&#8243; _module_preset=\u00bbdefault\u00bb custom_padding=\u00bb0px||0px||false|false\u00bb global_colors_info=\u00bb{}\u00bb][et_pb_column type=\u00bb4_4&#8243; _builder_version=\u00bb4.16&#8243; _module_preset=\u00bbdefault\u00bb global_colors_info=\u00bb{}\u00bb][et_pb_text module_class=\u00bbcontent_block\u00bb _builder_version=\u00bb4.16&#8243; _module_preset=\u00bbdefault\u00bb text_text_color=\u00bb#1b6d42&#8243; text_orientation=\u00bbcenter\u00bb global_colors_info=\u00bb{}\u00bb]<\/p>\n<h3>tambi\u00e9n puedes hacer tu pedido llamando al:<\/h3>\n<p><em>93 820 77 77<\/em><\/p>\n<p>[\/et_pb_text][\/et_pb_column][\/et_pb_row][\/et_pb_section]<\/p>\n","protected":false},"excerpt":{"rendered":"<p>GASOLINERASSERVICIO DE GAS\u00d3LEOA DOMICILIOENERG\u00cdAPARA MOVEREL MUNDOAUTOLAVADOSOMOS ROVIRA &#8211; DESDE 1975 -Rovira Energ\u00eda es una empresa familiar que opera en el sector energ\u00e9tico, en la protecci\u00f3n de la naturaleza y de las personas, en el tratamiento del agua y en el desarrollo de las energ\u00edas renovables.NUESTROSSERVICIOSCLIENTESDE CONFIANZA Algunos de nuestros clientes son una referencia en sus [&hellip;]<\/p>\n","protected":false},"author":1,"featured_media":0,"parent":0,"menu_order":0,"comment_status":"closed","ping_status":"closed","template":"","meta":{"_et_pb_use_builder":"on","_et_pb_old_content":"","_et_gb_content_width":"","om_disable_all_campaigns":false,"_monsterinsights_skip_tracking":false,"_monsterinsights_sitenote_active":false,"_monsterinsights_sitenote_note":"","_monsterinsights_sitenote_category":0,"_uf_show_specific_survey":0,"_uf_disable_surveys":false,"footnotes":""},"class_list":["post-861","page","type-page","status-publish","hentry"],"aioseo_notices":[],"_links":{"self":[{"href":"https:\/\/gasoilsrovira.com\/es\/wp-json\/wp\/v2\/pages\/861","targetHints":{"allow":["GET"]}}],"collection":[{"href":"https:\/\/gasoilsrovira.com\/es\/wp-json\/wp\/v2\/pages"}],"about":[{"href":"https:\/\/gasoilsrovira.com\/es\/wp-json\/wp\/v2\/types\/page"}],"author":[{"embeddable":true,"href":"https:\/\/gasoilsrovira.com\/es\/wp-json\/wp\/v2\/users\/1"}],"replies":[{"embeddable":true,"href":"https:\/\/gasoilsrovira.com\/es\/wp-json\/wp\/v2\/comments?post=861"}],"version-history":[{"count":36,"href":"https:\/\/gasoilsrovira.com\/es\/wp-json\/wp\/v2\/pages\/861\/revisions"}],"predecessor-version":[{"id":2300,"href":"https:\/\/gasoilsrovira.com\/es\/wp-json\/wp\/v2\/pages\/861\/revisions\/2300"}],"wp:attachment":[{"href":"https:\/\/gasoilsrovira.com\/es\/wp-json\/wp\/v2\/media?parent=861"}],"curies":[{"name":"wp","href":"https:\/\/api.w.org\/{rel}","templated":true}]}}