{"id":1969,"date":"2023-06-27T07:24:37","date_gmt":"2023-06-27T07:24:37","guid":{"rendered":"https:\/\/gasoilsrovira.com\/?page_id=1969"},"modified":"2023-06-27T08:32:22","modified_gmt":"2023-06-27T08:32:22","slug":"hidroelectrica","status":"publish","type":"page","link":"https:\/\/gasoilsrovira.com\/es\/hidroelectrica\/","title":{"rendered":"Hidroel\u00e8ctrica"},"content":{"rendered":"<p>[et_pb_section fb_built=\u00bb1&#8243; admin_label=\u00bbenergies_renovable_sec1&#8243; module_class=\u00bbenergies_renovable_sec1&#8243; _builder_version=\u00bb4.16&#8243; _module_preset=\u00bbdefault\u00bb min_height=\u00bb396px\u00bb custom_padding=\u00bb90px||0px||false|false\u00bb locked=\u00bboff\u00bb collapsed=\u00bboff\u00bb global_colors_info=\u00bb{}\u00bb][et_pb_row column_structure=\u00bb1_2,1_2&#8243; make_equal=\u00bbon\u00bb module_class=\u00bbcontent_row\u00bb _builder_version=\u00bb4.19.4&#8243; _module_preset=\u00bbdefault\u00bb custom_padding=\u00bb0px||0px||false|false\u00bb collapsed=\u00bboff\u00bb global_colors_info=\u00bb{}\u00bb custom_margin=\u00bb|auto|78px|auto||\u00bb][et_pb_column type=\u00bb1_2&#8243; module_class=\u00bbleft_sec\u00bb _builder_version=\u00bb4.16&#8243; _module_preset=\u00bbdefault\u00bb custom_padding=\u00bb||||false|false\u00bb global_colors_info=\u00bb{}\u00bb][et_pb_text _builder_version=\u00bb4.19.4&#8243; _module_preset=\u00bbdefault\u00bb text_orientation=\u00bbcenter\u00bb locked=\u00bboff\u00bb global_colors_info=\u00bb{}\u00bb]<\/p>\n<h1 style=\"text-align: right;\">energ\u00eda hidroel\u00e9ctrica<\/h1>\n<p>[\/et_pb_text][\/et_pb_column][et_pb_column type=\u00bb1_2&#8243; module_class=\u00bbright_sec\u00bb _builder_version=\u00bb4.16&#8243; _module_preset=\u00bbdefault\u00bb global_colors_info=\u00bb{}\u00bb][et_pb_text _builder_version=\u00bb4.19.4&#8243; _module_preset=\u00bbdefault\u00bb text_orientation=\u00bbcenter\u00bb custom_padding=\u00bb3px||3px|||\u00bb hover_enabled=\u00bb0&#8243; global_colors_info=\u00bb{}\u00bb sticky_enabled=\u00bb0&#8243;]<\/p>\n<p style=\"text-align: justify;\">La energ\u00eda hidroel\u00e9ctrica utiliza el agua como fuente de energ\u00eda para producir electricidad, mediante presas y centrales hidroel\u00e9ctricas, el agua en movimiento acciona turbinas que generan electricidad.<\/p>\n<p style=\"text-align: justify;\">Es una fuente de energ\u00eda renovable, inagotable y previsible, que contribuye a la seguridad energ\u00e9tica y reduce la dependencia de fuentes contaminantes como los combustibles f\u00f3siles.<\/p>\n<p style=\"text-align: justify;\">Desde Rovira Energ\u00eda participamos en la generaci\u00f3n de energ\u00eda hidroel\u00e9ctrica al continente americano.<\/p>\n<p style=\"text-align: justify;\">\n<p style=\"text-align: justify;\">\n<p style=\"text-align: justify;\">\n<p style=\"text-align: justify;\">\n<p style=\"text-align: justify;\">\n<p style=\"text-align: justify;\">\n<p style=\"text-align: justify;\">\n<p>[\/et_pb_text][\/et_pb_column][\/et_pb_row][et_pb_row _builder_version=\u00bb4.19.4&#8243; _module_preset=\u00bbdefault\u00bb][et_pb_column _builder_version=\u00bb4.19.4&#8243; _module_preset=\u00bbdefault\u00bb type=\u00bb4_4&#8243;][et_pb_code _builder_version=\u00bb4.19.4&#8243; _module_preset=\u00bbdefault\u00bb hover_enabled=\u00bb0&#8243; sticky_enabled=\u00bb0&#8243;]<\/p>\n<hr style=\"border: none; border-top: 3px solid #007043; margin: 25px 0;\" \/>\n<p>[\/et_pb_code][\/et_pb_column][\/et_pb_row][et_pb_row _builder_version=\u00bb4.19.4&#8243; _module_preset=\u00bbdefault\u00bb column_structure=\u00bb1_2,1_2&#8243;][et_pb_column _builder_version=\u00bb4.19.4&#8243; _module_preset=\u00bbdefault\u00bb type=\u00bb1_2&#8243;][et_pb_text _builder_version=\u00bb4.19.4&#8243; _module_preset=\u00bbdefault\u00bb hover_enabled=\u00bb0&#8243; sticky_enabled=\u00bb0&#8243; custom_margin=\u00bb||9px|||\u00bb]<\/p>\n<h3>Central de Melo &#8211; Xile<\/h3>\n<p>[\/et_pb_text][et_pb_text _builder_version=\u00bb4.19.4&#8243; _module_preset=\u00bbdefault\u00bb text_orientation=\u00bbcenter\u00bb custom_padding=\u00bb||3px|||\u00bb hover_enabled=\u00bb0&#8243; global_colors_info=\u00bb{}\u00bb sticky_enabled=\u00bb0&#8243;]<\/p>\n<p style=\"text-align: justify;\">Esta central se encuentra dentro de las infraestructuras de riego de la Asociaci\u00f3n de\u00a0Canalistes\u00a0del\u00a0Laja. La Asociaci\u00f3n de\u00a0Canalistes\u00a0del\u00a0Laja, en colaboraci\u00f3n con un grupo inversor de capital mixto chileno-espa\u00f1ol, ha llevado a cabo este proyecto. El objetivo principal del proyecto es aprovechar las aguas derivadas desde el canal principal de la Asociaci\u00f3n y dirigirlas hacia la\u00a0Estero\u00a0Caliboro.<\/p>\n<p style=\"text-align: justify;\">La central hidroel\u00e9ctrica es del tipo de flujo constante y est\u00e1 dise\u00f1ada para un flujo de agua de 13.5 m\u00b3\/s y una capacidad instalada de 2.8\u00a0MW. Tiene una estructura de derivaci\u00f3n de baja levantada y una captaci\u00f3n convencional que alimenta un canal de secci\u00f3n trapecial de 3 km de longitud. La central est\u00e1 equipada con una sola turbina\u00a0Kaplan\u00a0de eje vertical. Las instalaciones el\u00e9ctricas y de control, as\u00ed como el transformador, se encuentran ubicadas en el mismo edificio.<\/p>\n<p style=\"text-align: justify;\">\n<p style=\"text-align: justify;\">\n<p style=\"text-align: justify;\">\n<p style=\"text-align: justify;\">\n<p style=\"text-align: justify;\">\n<p style=\"text-align: justify;\">\n<p style=\"text-align: justify;\">\n<p style=\"text-align: justify;\">\n<p style=\"text-align: justify;\">\n<p>[\/et_pb_text][\/et_pb_column][et_pb_column _builder_version=\u00bb4.19.4&#8243; _module_preset=\u00bbdefault\u00bb type=\u00bb1_2&#8243;][et_pb_gallery _builder_version=\u00bb4.19.4&#8243; _module_preset=\u00bbdefault\u00bb fullwidth=\u00bbon\u00bb gallery_ids=\u00bb1981,1978,1974,1976&#8243; animation_style=\u00bbfade\u00bb auto=\u00bbon\u00bb auto_speed=\u00bb4000&#8243; hover_enabled=\u00bb0&#8243; sticky_enabled=\u00bb0&#8243; custom_margin=\u00bb25px||39px|||\u00bb][\/et_pb_gallery][\/et_pb_column][\/et_pb_row][et_pb_row _builder_version=\u00bb4.19.4&#8243; _module_preset=\u00bbdefault\u00bb][et_pb_column _builder_version=\u00bb4.19.4&#8243; _module_preset=\u00bbdefault\u00bb type=\u00bb4_4&#8243;][et_pb_code _builder_version=\u00bb4.19.4&#8243; _module_preset=\u00bbdefault\u00bb hover_enabled=\u00bb0&#8243; sticky_enabled=\u00bb0&#8243; custom_margin=\u00bb-68px|||||\u00bb]<\/p>\n<table style=\"text-align: center;\"><!-- [et_pb_line_break_holder] --><\/p>\n<tbody>\n<tr><!-- [et_pb_line_break_holder] --><\/p>\n<td><strong>Potencia<\/strong><\/td>\n<p><!-- [et_pb_line_break_holder] --><\/p>\n<td>2,8 MW<\/td>\n<p><!-- [et_pb_line_break_holder] --><\/tr>\n<p><!-- [et_pb_line_break_holder] --><\/p>\n<tr><!-- [et_pb_line_break_holder] --><\/p>\n<td><strong>Altura bruta<\/strong><\/td>\n<p><!-- [et_pb_line_break_holder] --><\/p>\n<td>25m<\/td>\n<p><!-- [et_pb_line_break_holder] --><\/tr>\n<p><!-- [et_pb_line_break_holder] --><\/p>\n<tr><!-- [et_pb_line_break_holder] --><\/p>\n<td><strong>Longitud<\/strong><\/td>\n<p><!-- [et_pb_line_break_holder] --><\/p>\n<td>3170m<\/td>\n<p><!-- [et_pb_line_break_holder] --><\/tr>\n<p><!-- [et_pb_line_break_holder] --><\/p>\n<tr><!-- [et_pb_line_break_holder] --><\/p>\n<td><strong>Generaci\u00f3n anual<\/strong><\/td>\n<p><!-- [et_pb_line_break_holder] --><\/p>\n<td>24,50 GW<\/td>\n<p><!-- [et_pb_line_break_holder] --><\/tr>\n<p><!-- [et_pb_line_break_holder] --><\/p>\n<tr><!-- [et_pb_line_break_holder] --><\/p>\n<td><strong>N\u00ba de turbinas<\/strong><\/td>\n<p><!-- [et_pb_line_break_holder] --><\/p>\n<td>1<\/td>\n<p><!-- [et_pb_line_break_holder] --><\/tr>\n<p><!-- [et_pb_line_break_holder] --><!-- [et_pb_line_break_holder] --><\/tbody>\n<\/table>\n<p>[\/et_pb_code][\/et_pb_column][\/et_pb_row][et_pb_row _builder_version=\u00bb4.19.4&#8243; _module_preset=\u00bbdefault\u00bb][et_pb_column _builder_version=\u00bb4.19.4&#8243; _module_preset=\u00bbdefault\u00bb type=\u00bb4_4&#8243;][et_pb_code _builder_version=\u00bb4.19.4&#8243; _module_preset=\u00bbdefault\u00bb hover_enabled=\u00bb0&#8243; sticky_enabled=\u00bb0&#8243;]<\/p>\n<hr style=\"border: none; border-top: 3px solid #007043; margin: 25px 0;\" \/>\n<p>[\/et_pb_code][\/et_pb_column][\/et_pb_row][et_pb_row _builder_version=\u00bb4.19.4&#8243; _module_preset=\u00bbdefault\u00bb column_structure=\u00bb1_2,1_2&#8243;][et_pb_column _builder_version=\u00bb4.19.4&#8243; _module_preset=\u00bbdefault\u00bb type=\u00bb1_2&#8243;][et_pb_gallery _builder_version=\u00bb4.19.4&#8243; _module_preset=\u00bbdefault\u00bb fullwidth=\u00bbon\u00bb gallery_ids=\u00bb1987,1985,1989,1991&#8243; animation_style=\u00bbfade\u00bb auto=\u00bbon\u00bb auto_speed=\u00bb4000&#8243; hover_enabled=\u00bb0&#8243; sticky_enabled=\u00bb0&#8243; custom_margin=\u00bb25px||39px|||\u00bb][\/et_pb_gallery][\/et_pb_column][et_pb_column _builder_version=\u00bb4.19.4&#8243; _module_preset=\u00bbdefault\u00bb type=\u00bb1_2&#8243;][et_pb_text _builder_version=\u00bb4.19.4&#8243; _module_preset=\u00bbdefault\u00bb hover_enabled=\u00bb0&#8243; sticky_enabled=\u00bb0&#8243; custom_margin=\u00bb||9px|||\u00bb custom_padding=\u00bb0px|||||\u00bb]<\/p>\n<h3>Central de Caliboro &#8211; Xile<\/h3>\n<p>[\/et_pb_text][et_pb_text _builder_version=\u00bb4.19.4&#8243; _module_preset=\u00bbdefault\u00bb text_orientation=\u00bbcenter\u00bb custom_padding=\u00bb||3px|||\u00bb hover_enabled=\u00bb0&#8243; global_colors_info=\u00bb{}\u00bb sticky_enabled=\u00bb0&#8243;]<\/p>\n<p style=\"text-align: justify;\">Esta central hidroel\u00e9ctrica que se sit\u00faa en las infraestructuras de riego de la Asociaci\u00f3n de\u00a0Canalistas\u00a0del\u00a0Laja, en las proximidades de Los Angeles (Biob\u00edo\u00a0\u2013 Chile). Este proyecto ha sido llevado a cabo por la propia Asociaci\u00f3n de\u00a0Canalistas\u00a0del\u00a0Laja, junto con un grupo inversor de capital mixto chileno-espa\u00f1ol. La central es de tipo fluyente o de paso y estar\u00e1 dimensionada para un caudal de 13.5 m\u00b3\/s, con una potencia instalada de 1.3\u00a0MW\u00a0y un factor de planta del 95%.<\/p>\n<p style=\"text-align: justify;\">Cuenta con una obra de derivaci\u00f3n en el propio canal matriz, la cual dispone de los \u00f3rganos de control necesarios para permitir la garant\u00eda de los caudales de riego en todo momento y el perfecto reparto de caudales entre el canal Matriz y el\u00a0estero\u00a0Caliboro.<\/p>\n<p style=\"text-align: justify;\">\n<p style=\"text-align: justify;\">\n<p style=\"text-align: justify;\">\n<p style=\"text-align: justify;\">\n<p style=\"text-align: justify;\">\n<p style=\"text-align: justify;\">\n<p style=\"text-align: justify;\">\n<p style=\"text-align: justify;\">\n<p style=\"text-align: justify;\">\n<p>[\/et_pb_text][\/et_pb_column][\/et_pb_row][\/et_pb_section][et_pb_section fb_built=\u00bb1&#8243; _builder_version=\u00bb4.19.4&#8243; _module_preset=\u00bbdefault\u00bb custom_padding=\u00bb0px|||||\u00bb global_colors_info=\u00bb{}\u00bb][et_pb_row _builder_version=\u00bb4.19.4&#8243; _module_preset=\u00bbdefault\u00bb][et_pb_column _builder_version=\u00bb4.19.4&#8243; _module_preset=\u00bbdefault\u00bb type=\u00bb4_4&#8243;][et_pb_code _builder_version=\u00bb4.19.4&#8243; _module_preset=\u00bbdefault\u00bb hover_enabled=\u00bb0&#8243; sticky_enabled=\u00bb0&#8243; custom_margin=\u00bb-60px|||||\u00bb]<\/p>\n<table style=\"text-align: center;\"><!-- [et_pb_line_break_holder] --><\/p>\n<tbody>\n<tr><!-- [et_pb_line_break_holder] --><\/p>\n<td><strong>Potencia<\/strong><\/td>\n<p><!-- [et_pb_line_break_holder] --><\/p>\n<td>1,3 MW<\/td>\n<p><!-- [et_pb_line_break_holder] --><\/tr>\n<p><!-- [et_pb_line_break_holder] --><\/p>\n<tr><!-- [et_pb_line_break_holder] --><\/p>\n<td><strong>Altura bruta<\/strong><\/td>\n<p><!-- [et_pb_line_break_holder] --><\/p>\n<td>11m<\/td>\n<p><!-- [et_pb_line_break_holder] --><\/tr>\n<p><!-- [et_pb_line_break_holder] --><\/p>\n<tr><!-- [et_pb_line_break_holder] --><\/p>\n<td><strong>Longitud<\/strong><\/td>\n<p><!-- [et_pb_line_break_holder] --><\/p>\n<td>135m<\/td>\n<p><!-- [et_pb_line_break_holder] --><\/tr>\n<p><!-- [et_pb_line_break_holder] --><\/p>\n<tr><!-- [et_pb_line_break_holder] --><\/p>\n<td><strong>Generaci\u00f3n anual<\/strong><\/td>\n<p><!-- [et_pb_line_break_holder] --><\/p>\n<td>11,50 GW<\/td>\n<p><!-- [et_pb_line_break_holder] --><\/tr>\n<p><!-- [et_pb_line_break_holder] --><\/p>\n<tr><!-- [et_pb_line_break_holder] --><\/p>\n<td><strong>N\u00ba de turbinas<\/strong><\/td>\n<p><!-- [et_pb_line_break_holder] --><\/p>\n<td>1<\/td>\n<p><!-- [et_pb_line_break_holder] --><\/tr>\n<p><!-- [et_pb_line_break_holder] --><!-- [et_pb_line_break_holder] --><\/tbody>\n<\/table>\n<p>[\/et_pb_code][\/et_pb_column][\/et_pb_row][et_pb_row _builder_version=\u00bb4.19.4&#8243; _module_preset=\u00bbdefault\u00bb][et_pb_column _builder_version=\u00bb4.19.4&#8243; _module_preset=\u00bbdefault\u00bb type=\u00bb4_4&#8243;][et_pb_code _builder_version=\u00bb4.19.4&#8243; _module_preset=\u00bbdefault\u00bb hover_enabled=\u00bb0&#8243; sticky_enabled=\u00bb0&#8243;]<\/p>\n<hr style=\"border: none; border-top: 3px solid #007043; margin: 25px 0;\" \/>\n<p>[\/et_pb_code][\/et_pb_column][\/et_pb_row][et_pb_row _builder_version=\u00bb4.19.4&#8243; _module_preset=\u00bbdefault\u00bb column_structure=\u00bb1_2,1_2&#8243;][et_pb_column _builder_version=\u00bb4.19.4&#8243; _module_preset=\u00bbdefault\u00bb type=\u00bb1_2&#8243;][et_pb_text _builder_version=\u00bb4.19.4&#8243; _module_preset=\u00bbdefault\u00bb hover_enabled=\u00bb0&#8243; sticky_enabled=\u00bb0&#8243; custom_margin=\u00bb||9px|||\u00bb]<\/p>\n<h3>Central de Santa Isabel &#8211; Xile<\/h3>\n<p>[\/et_pb_text][et_pb_text _builder_version=\u00bb4.19.4&#8243; _module_preset=\u00bbdefault\u00bb text_orientation=\u00bbcenter\u00bb custom_padding=\u00bb||3px|||\u00bb hover_enabled=\u00bb0&#8243; global_colors_info=\u00bb{}\u00bb sticky_enabled=\u00bb0&#8243;]<\/p>\n<p style=\"text-align: justify;\">La \u00abCentral Hidroel\u00e9ctrica de Santa Isabel\u00bb es una central hidroel\u00e9ctrica situada dentro de las infraestructuras de riego de la Asociaci\u00f3n de Canalistas del Laja, cerca de Los Angeles, Biob\u00edo, Chile. Este proyecto ha sido desarrollado por la Asociaci\u00f3n de Canalistas del Laja y un grupo inversor con capital mixto chileno-espa\u00f1ol.<\/p>\n<p style=\"text-align: justify;\">El objetivo de la \u00abCentral Hidroel\u00e9ctrica de Santa Isabel\u00bb es aprovechar la energ\u00eda hidroel\u00e9ctrica de las aguas que circulan por el canal\u00a0Rarinco-*Quilque, en un tramo con un desnivel adecuado. Esta central es del tipo de flujo constante y est\u00e1 dise\u00f1ada para un flujo de agua de\u00a09.0\u00a0m\u00b3\/s, con una capacidad instalada de\u00a01.4\u00a0MW\u00a0y un factor de planta del 80%.<\/p>\n<p style=\"text-align: justify;\">Cuenta con una obra de derivaci\u00f3n en el propio canal\u00a0Rarinco-Quilque, la cual dispone de los \u00f3rganos de control necesarios para permitir la continuidad de los caudales en caso de paro de la central.<\/p>\n<p style=\"text-align: justify;\">\n<p style=\"text-align: justify;\">\n<p style=\"text-align: justify;\">\n<p style=\"text-align: justify;\">\n<p style=\"text-align: justify;\">\n<p style=\"text-align: justify;\">\n<p style=\"text-align: justify;\">\n<p style=\"text-align: justify;\">\n<p style=\"text-align: justify;\">\n<p style=\"text-align: justify;\">\n<p>[\/et_pb_text][\/et_pb_column][et_pb_column _builder_version=\u00bb4.19.4&#8243; _module_preset=\u00bbdefault\u00bb type=\u00bb1_2&#8243;][et_pb_gallery _builder_version=\u00bb4.19.4&#8243; _module_preset=\u00bbdefault\u00bb fullwidth=\u00bbon\u00bb gallery_ids=\u00bb1995,1997,1999,2001&#8243; animation_style=\u00bbfade\u00bb auto=\u00bbon\u00bb auto_speed=\u00bb4000&#8243; hover_enabled=\u00bb0&#8243; sticky_enabled=\u00bb0&#8243; custom_margin=\u00bb25px||39px|||\u00bb custom_padding=\u00bb37px|||||\u00bb][\/et_pb_gallery][\/et_pb_column][\/et_pb_row][et_pb_row _builder_version=\u00bb4.19.4&#8243; _module_preset=\u00bbdefault\u00bb][et_pb_column _builder_version=\u00bb4.19.4&#8243; _module_preset=\u00bbdefault\u00bb type=\u00bb4_4&#8243;][et_pb_code _builder_version=\u00bb4.19.4&#8243; _module_preset=\u00bbdefault\u00bb hover_enabled=\u00bb0&#8243; sticky_enabled=\u00bb0&#8243; custom_margin=\u00bb-60px|||||\u00bb]<\/p>\n<table style=\"text-align: center;\"><!-- [et_pb_line_break_holder] --><\/p>\n<tbody>\n<tr><!-- [et_pb_line_break_holder] --><\/p>\n<td><strong>Potencia<\/strong><\/td>\n<p><!-- [et_pb_line_break_holder] --><\/p>\n<td>1,4 MW<\/td>\n<p><!-- [et_pb_line_break_holder] --><\/tr>\n<p><!-- [et_pb_line_break_holder] --><\/p>\n<tr><!-- [et_pb_line_break_holder] --><\/p>\n<td><strong>Altura bruta<\/strong><\/td>\n<p><!-- [et_pb_line_break_holder] --><\/p>\n<td>18m<\/td>\n<p><!-- [et_pb_line_break_holder] --><\/tr>\n<p><!-- [et_pb_line_break_holder] --><\/p>\n<tr><!-- [et_pb_line_break_holder] --><\/p>\n<td><strong>Longitud<\/strong><\/td>\n<p><!-- [et_pb_line_break_holder] --><\/p>\n<td>730m<\/td>\n<p><!-- [et_pb_line_break_holder] --><\/tr>\n<p><!-- [et_pb_line_break_holder] --><\/p>\n<tr><!-- [et_pb_line_break_holder] --><\/p>\n<td><strong>Generaci\u00f3n anual<\/strong><\/td>\n<p><!-- [et_pb_line_break_holder] --><\/p>\n<td>12,30 GW<\/td>\n<p><!-- [et_pb_line_break_holder] --><\/tr>\n<p><!-- [et_pb_line_break_holder] --><\/p>\n<tr><!-- [et_pb_line_break_holder] --><\/p>\n<td><strong>N\u00ba de turbinas<\/strong><\/td>\n<p><!-- [et_pb_line_break_holder] --><\/p>\n<td>1<\/td>\n<p><!-- [et_pb_line_break_holder] --><\/tr>\n<p><!-- [et_pb_line_break_holder] --><!-- [et_pb_line_break_holder] --><\/tbody>\n<\/table>\n<p>[\/et_pb_code][\/et_pb_column][\/et_pb_row][et_pb_row _builder_version=\u00bb4.19.4&#8243; _module_preset=\u00bbdefault\u00bb][et_pb_column _builder_version=\u00bb4.19.4&#8243; _module_preset=\u00bbdefault\u00bb type=\u00bb4_4&#8243;][\/et_pb_column][\/et_pb_row][\/et_pb_section]<\/p>\n","protected":false},"excerpt":{"rendered":"<p>energ\u00eda hidroel\u00e9ctrica La energ\u00eda hidroel\u00e9ctrica utiliza el agua como fuente de energ\u00eda para producir electricidad, mediante presas y centrales hidroel\u00e9ctricas, el agua en movimiento acciona turbinas que generan electricidad. Es una fuente de energ\u00eda renovable, inagotable y previsible, que contribuye a la seguridad energ\u00e9tica y reduce la dependencia de fuentes contaminantes como los combustibles f\u00f3siles. [&hellip;]<\/p>\n","protected":false},"author":1,"featured_media":0,"parent":0,"menu_order":0,"comment_status":"closed","ping_status":"closed","template":"","meta":{"_et_pb_use_builder":"on","_et_pb_old_content":"","_et_gb_content_width":"","om_disable_all_campaigns":false,"_monsterinsights_skip_tracking":false,"_monsterinsights_sitenote_active":false,"_monsterinsights_sitenote_note":"","_monsterinsights_sitenote_category":0,"_uf_show_specific_survey":0,"_uf_disable_surveys":false,"footnotes":""},"class_list":["post-1969","page","type-page","status-publish","hentry"],"aioseo_notices":[],"_links":{"self":[{"href":"https:\/\/gasoilsrovira.com\/es\/wp-json\/wp\/v2\/pages\/1969","targetHints":{"allow":["GET"]}}],"collection":[{"href":"https:\/\/gasoilsrovira.com\/es\/wp-json\/wp\/v2\/pages"}],"about":[{"href":"https:\/\/gasoilsrovira.com\/es\/wp-json\/wp\/v2\/types\/page"}],"author":[{"embeddable":true,"href":"https:\/\/gasoilsrovira.com\/es\/wp-json\/wp\/v2\/users\/1"}],"replies":[{"embeddable":true,"href":"https:\/\/gasoilsrovira.com\/es\/wp-json\/wp\/v2\/comments?post=1969"}],"version-history":[{"count":11,"href":"https:\/\/gasoilsrovira.com\/es\/wp-json\/wp\/v2\/pages\/1969\/revisions"}],"predecessor-version":[{"id":2013,"href":"https:\/\/gasoilsrovira.com\/es\/wp-json\/wp\/v2\/pages\/1969\/revisions\/2013"}],"wp:attachment":[{"href":"https:\/\/gasoilsrovira.com\/es\/wp-json\/wp\/v2\/media?parent=1969"}],"curies":[{"name":"wp","href":"https:\/\/api.w.org\/{rel}","templated":true}]}}