{"id":1662,"date":"2023-06-26T07:53:24","date_gmt":"2023-06-26T07:53:24","guid":{"rendered":"https:\/\/gasoilsrovira.com\/?page_id=1662"},"modified":"2023-06-27T08:37:44","modified_gmt":"2023-06-27T08:37:44","slug":"desalinizacion","status":"publish","type":"page","link":"https:\/\/gasoilsrovira.com\/es\/desalinizacion\/","title":{"rendered":"Desalinizaci\u00f3n"},"content":{"rendered":"<p>[et_pb_section fb_built=\u00bb1&#8243; admin_label=\u00bbenergies_renovable_sec1&#8243; module_class=\u00bbenergies_renovable_sec1&#8243; _builder_version=\u00bb4.16&#8243; _module_preset=\u00bbdefault\u00bb min_height=\u00bb396px\u00bb custom_padding=\u00bb90px||90px||false|false\u00bb locked=\u00bboff\u00bb collapsed=\u00bboff\u00bb global_colors_info=\u00bb{}\u00bb][et_pb_row column_structure=\u00bb1_2,1_2&#8243; make_equal=\u00bbon\u00bb module_class=\u00bbcontent_row\u00bb _builder_version=\u00bb4.19.4&#8243; _module_preset=\u00bbdefault\u00bb custom_padding=\u00bb0px||0px||false|false\u00bb collapsed=\u00bboff\u00bb global_colors_info=\u00bb{}\u00bb][et_pb_column type=\u00bb1_2&#8243; module_class=\u00bbleft_sec\u00bb _builder_version=\u00bb4.16&#8243; _module_preset=\u00bbdefault\u00bb custom_padding=\u00bb||||false|false\u00bb global_colors_info=\u00bb{}\u00bb][et_pb_text _builder_version=\u00bb4.19.4&#8243; _module_preset=\u00bbdefault\u00bb text_orientation=\u00bbcenter\u00bb custom_padding=\u00bb||3px|||\u00bb global_colors_info=\u00bb{}\u00bb]<\/p>\n<p>Desde Rovira Energ\u00eda participamos en el ciclo integral del agua en la Rep\u00fablica de Cabo Verde.<\/p>\n<p>La desalinizaci\u00f3n del agua se realiza mediante la \u00f3smosis inversa, un proceso eficaz por la obtenci\u00f3n de agua dulce a partir de fuentes de agua salada.<\/p>\n<p>El proceso empieza con la obtenci\u00f3n del agua de mar de 12 pozos de agua, que es\u00a0bombejada\u00a0hasta las instalaciones. Aqu\u00ed es donde\u00a0el agua es presionada a trav\u00e9s de membranas de \u00f3smosis\u00a0inversa, que permiten el paso solo del agua pura, reteniendo los s\u00f3lidos disueltos y las mol\u00e9culas de sal. Esto resulta en la separaci\u00f3n del agua dulce y una salmuera concentrada.<\/p>\n<p>Finalmente, el agua dulce es sometida a un posttratamiento para asegurar su calidad antes de ser almacenada en dos dep\u00f3sitos por su posterior distribuci\u00f3n.<\/p>\n<p>[\/et_pb_text][\/et_pb_column][et_pb_column type=\u00bb1_2&#8243; module_class=\u00bbright_sec\u00bb _builder_version=\u00bb4.16&#8243; _module_preset=\u00bbdefault\u00bb global_colors_info=\u00bb{}\u00bb][et_pb_text _builder_version=\u00bb4.19.4&#8243; _module_preset=\u00bbdefault\u00bb text_orientation=\u00bbcenter\u00bb locked=\u00bboff\u00bb global_colors_info=\u00bb{}\u00bb]<\/p>\n<h1 style=\"text-align: right;\">desalinizaci\u00f3n de agua<\/h1>\n<p>[\/et_pb_text][\/et_pb_column][\/et_pb_row][\/et_pb_section][et_pb_section fb_built=\u00bb1&#8243; _builder_version=\u00bb4.19.4&#8243; _module_preset=\u00bbdefault\u00bb custom_margin=\u00bb||-97px|||\u00bb custom_padding=\u00bb0px|||||\u00bb global_colors_info=\u00bb{}\u00bb][\/et_pb_section][et_pb_section fb_built=\u00bb1&#8243; specialty=\u00bbon\u00bb _builder_version=\u00bb4.19.4&#8243; _module_preset=\u00bbdefault\u00bb custom_margin=\u00bb||-174px|||\u00bb custom_padding=\u00bb0px|||||\u00bb global_colors_info=\u00bb{}\u00bb][et_pb_column type=\u00bb1_2&#8243; specialty_columns=\u00bb2&#8243; _builder_version=\u00bb4.16&#8243; custom_padding=\u00bb|||\u00bb global_colors_info=\u00bb{}\u00bb custom_padding__hover=\u00bb|||\u00bb][et_pb_row_inner _builder_version=\u00bb4.19.4&#8243; _module_preset=\u00bbdefault\u00bb global_colors_info=\u00bb{}\u00bb][et_pb_column_inner saved_specialty_column_type=\u00bb1_2&#8243; _builder_version=\u00bb4.19.4&#8243; _module_preset=\u00bbdefault\u00bb global_colors_info=\u00bb{}\u00bb][et_pb_text _builder_version=\u00bb4.19.4&#8243; _module_preset=\u00bbdefault\u00bb min_height=\u00bb15px\u00bb custom_padding=\u00bb||1px|||\u00bb global_colors_info=\u00bb{}\u00bb]<\/p>\n<h3><strong>Isla de Sal &#8211; Cap Verd<\/strong><\/h3>\n<p>[\/et_pb_text][\/et_pb_column_inner][\/et_pb_row_inner][et_pb_row_inner _builder_version=\u00bb4.19.4&#8243; _module_preset=\u00bbdefault\u00bb global_colors_info=\u00bb{}\u00bb][et_pb_column_inner saved_specialty_column_type=\u00bb1_2&#8243; _builder_version=\u00bb4.19.4&#8243; _module_preset=\u00bbdefault\u00bb global_colors_info=\u00bb{}\u00bb][et_pb_accordion _builder_version=\u00bb4.19.4&#8243; _module_preset=\u00bbdefault\u00bb custom_margin=\u00bb-50px|||||\u00bb global_colors_info=\u00bb{}\u00bb][et_pb_accordion_item title=\u00bbLa capacidad\u00bb open=\u00bbon\u00bb _builder_version=\u00bb4.19.4&#8243; _module_preset=\u00bbdefault\u00bb global_colors_info=\u00bb{}\u00bb]<\/p>\n<ul>\n<li>3.000 m3\/d\u00eda<\/li>\n<\/ul>\n<p>[\/et_pb_accordion_item][et_pb_accordion_item title=\u00bbLa configuraci\u00f3n\u00bb _builder_version=\u00bb4.19.4&#8243; _module_preset=\u00bbdefault\u00bb global_colors_info=\u00bb{}\u00bb open=\u00bboff\u00bb]<\/p>\n<p>Por la obtenci\u00f3n del agua, se cuenta con hasta cuatro equipos de desalinizaci\u00f3n de agua:<\/p>\n<ul>\n<li>Dos equipos de 500 m3\/d\u00eda<\/li>\n<li>Dos equipos de 1000 m3\/d\u00eda<\/li>\n<\/ul>\n<p>[\/et_pb_accordion_item][et_pb_accordion_item title=\u00bbLa calidad\u00bb _builder_version=\u00bb4.19.4&#8243; _module_preset=\u00bbdefault\u00bb global_colors_info=\u00bb{}\u00bb open=\u00bboff\u00bb]<\/p>\n<p>Diariamente se realizan anal\u00edticas que m\u00faltiples todos los par\u00e1metros referentes a la calidad del agua, todos ellos enmarcados en la certificaci\u00f3n ISO 9001 de Gesti\u00f3n de Calidad y la HACCP en cuando a seguridad alimentaria, siendo de las primeras introducciones de esta certificaci\u00f3n en Cabo Verde<\/p>\n<p>[\/et_pb_accordion_item][et_pb_accordion_item title=\u00bbLa distribuci\u00f3n\u00bb _builder_version=\u00bb4.19.4&#8243; _module_preset=\u00bbdefault\u00bb global_colors_info=\u00bb{}\u00bb open=\u00bboff\u00bb]<\/p>\n<p>El agua se distribuye a los clientes mediante red de distribuci\u00f3n subterr\u00e1nea, as\u00ed como la carga de veh\u00edculos cisterna que distribuyen el agua potable all\u00ed donde no llega.<\/p>\n<p>[\/et_pb_accordion_item][\/et_pb_accordion][\/et_pb_column_inner][\/et_pb_row_inner][\/et_pb_column][et_pb_column type=\u00bb1_2&#8243; _builder_version=\u00bb4.16&#8243; custom_padding=\u00bb|||\u00bb global_colors_info=\u00bb{}\u00bb custom_padding__hover=\u00bb|||\u00bb][et_pb_image src=\u00bbhttps:\/\/gasoilsrovira.com\/wp-content\/uploads\/2023\/06\/FK_bssRXIAQLtia.jpeg\u00bb title_text=\u00bbFK_bssRXIAQLtia\u00bb _builder_version=\u00bb4.19.4&#8243; _module_preset=\u00bbdefault\u00bb global_colors_info=\u00bb{}\u00bb][\/et_pb_image][et_pb_text _builder_version=\u00bb4.19.4&#8243; _module_preset=\u00bbdefault\u00bb global_colors_info=\u00bb{}\u00bb]<\/p>\n<p>El proceso de desalinizaci\u00f3n requiere un consumo de energ\u00eda muy elevado. Es por este motivo que las instalaciones se alimentan en gran parte del parque fotovoltaico de 1.38\u00a0MWp. Esto permite la reducci\u00f3n del uso de combustibles f\u00f3siles as\u00ed como la reducci\u00f3n del impacto medioambiental.<\/p>\n<p>[\/et_pb_text][\/et_pb_column][\/et_pb_section][et_pb_section fb_built=\u00bb1&#8243; specialty=\u00bbon\u00bb _builder_version=\u00bb4.19.4&#8243; _module_preset=\u00bbdefault\u00bb custom_margin=\u00bb||-174px|||\u00bb custom_padding=\u00bb250px|||||\u00bb global_colors_info=\u00bb{}\u00bb][et_pb_column type=\u00bb1_2&#8243; specialty_columns=\u00bb2&#8243; _builder_version=\u00bb4.16&#8243; custom_padding=\u00bb|||\u00bb global_colors_info=\u00bb{}\u00bb custom_padding__hover=\u00bb|||\u00bb][et_pb_row_inner _builder_version=\u00bb4.19.4&#8243; _module_preset=\u00bbdefault\u00bb global_colors_info=\u00bb{}\u00bb][et_pb_column_inner saved_specialty_column_type=\u00bb1_2&#8243; _builder_version=\u00bb4.19.4&#8243; _module_preset=\u00bbdefault\u00bb global_colors_info=\u00bb{}\u00bb][et_pb_text _builder_version=\u00bb4.19.4&#8243; _module_preset=\u00bbdefault\u00bb min_height=\u00bb15px\u00bb custom_padding=\u00bb||1px|||\u00bb global_colors_info=\u00bb{}\u00bb]<\/p>\n<h3><strong>Isla de Sant Ant\u00e3o &#8211; Cap Verd<\/strong><\/h3>\n<p>[\/et_pb_text][et_pb_image src=\u00bbhttps:\/\/gasoilsrovira.com\/wp-content\/uploads\/2023\/06\/Fyf0532XgAE5PK1.jpeg\u00bb title_text=\u00bbFyf0532XgAE5PK1&#8243; _builder_version=\u00bb4.19.4&#8243; _module_preset=\u00bbdefault\u00bb global_colors_info=\u00bb{}\u00bb][\/et_pb_image][et_pb_text _builder_version=\u00bb4.19.4&#8243; _module_preset=\u00bbdefault\u00bb global_colors_info=\u00bb{}\u00bb]<\/p>\n<p>En el oeste del archipi\u00e9lago, en la isla de Santo\u00a0Ant\u00e3o, Rovira Energ\u00eda participa en la desalinizaci\u00f3n del Agua por el consumo humano, con tecnolog\u00eda de \u00f3smosis inversa y recuperaci\u00f3n de energ\u00eda de c\u00e1maras isob\u00e1ricas. Adem\u00e1s, las instalaciones cuentan con un parque solar de\u00a0400kWp, que permiten la reducci\u00f3n de energ\u00edas f\u00f3siles.<\/p>\n<p>[\/et_pb_text][\/et_pb_column_inner][\/et_pb_row_inner][\/et_pb_column][et_pb_column type=\u00bb1_2&#8243; _builder_version=\u00bb4.16&#8243; custom_padding=\u00bb|||\u00bb global_colors_info=\u00bb{}\u00bb custom_padding__hover=\u00bb|||\u00bb][et_pb_accordion _builder_version=\u00bb4.19.4&#8243; _module_preset=\u00bbdefault\u00bb global_colors_info=\u00bb{}\u00bb][et_pb_accordion_item title=\u00bbLa capacidad\u00bb open=\u00bbon\u00bb _builder_version=\u00bb4.19.4&#8243; _module_preset=\u00bbdefault\u00bb global_colors_info=\u00bb{}\u00bb]<\/p>\n<ul>\n<li>1.000 m3\/d\u00eda<\/li>\n<\/ul>\n<p>[\/et_pb_accordion_item][et_pb_accordion_item title=\u00bbLa configuraci\u00f3\u00bb _builder_version=\u00bb4.19.4&#8243; _module_preset=\u00bbdefault\u00bb global_colors_info=\u00bb{}\u00bb open=\u00bboff\u00bb]<\/p>\n<p>Por la obtenci\u00f3n del agua, se cuenta con dos equipos:<\/p>\n<ul>\n<li>Dos equipos de 500m3\/d\u00eda<\/li>\n<\/ul>\n<p>[\/et_pb_accordion_item][et_pb_accordion_item title=\u00bbLa calidad\u00bb _builder_version=\u00bb4.19.4&#8243; _module_preset=\u00bbdefault\u00bb global_colors_info=\u00bb{}\u00bb open=\u00bboff\u00bb]<\/p>\n<p>Diariamente se realizan anal\u00edticas que m\u00faltiples todos los par\u00e1metros referentes a la calidad del agua, todos ellos enmarcados en la certificaci\u00f3n ISO 9001 de Gesti\u00f3n de Calidad y la HACCP en cuando a seguridad alimentaria, siendo de las primeras introducciones de esta certificaci\u00f3n en Cabo Verde.<\/p>\n<p>[\/et_pb_accordion_item][et_pb_accordion_item title=\u00bbLa distribuci\u00f3n\u00bb _builder_version=\u00bb4.19.4&#8243; _module_preset=\u00bbdefault\u00bb global_colors_info=\u00bb{}\u00bb open=\u00bboff\u00bb]<\/p>\n<p>EL agua se distribuye a los clientes mediante red de distribuci\u00f3n subterr\u00e1nea, as\u00ed como la carga de veh\u00edculos cisterna que distribuyen el agua potable all\u00ed donde no llega.<\/p>\n<p>[\/et_pb_accordion_item][\/et_pb_accordion][\/et_pb_column][\/et_pb_section][et_pb_section fb_built=\u00bb1&#8243; _builder_version=\u00bb4.19.4&#8243; _module_preset=\u00bbdefault\u00bb min_height=\u00bb1607.5px\u00bb global_colors_info=\u00bb{}\u00bb][\/et_pb_section][et_pb_section fb_built=\u00bb1&#8243; _builder_version=\u00bb4.19.4&#8243; _module_preset=\u00bbdefault\u00bb global_colors_info=\u00bb{}\u00bb][\/et_pb_section]<\/p>\n","protected":false},"excerpt":{"rendered":"<p>Desde Rovira Energ\u00eda participamos en el ciclo integral del agua en la Rep\u00fablica de Cabo Verde. La desalinizaci\u00f3n del agua se realiza mediante la \u00f3smosis inversa, un proceso eficaz por la obtenci\u00f3n de agua dulce a partir de fuentes de agua salada. El proceso empieza con la obtenci\u00f3n del agua de mar de 12 pozos [&hellip;]<\/p>\n","protected":false},"author":1,"featured_media":0,"parent":0,"menu_order":0,"comment_status":"closed","ping_status":"closed","template":"","meta":{"_et_pb_use_builder":"on","_et_pb_old_content":"","_et_gb_content_width":"","om_disable_all_campaigns":false,"_monsterinsights_skip_tracking":false,"_monsterinsights_sitenote_active":false,"_monsterinsights_sitenote_note":"","_monsterinsights_sitenote_category":0,"_uf_show_specific_survey":0,"_uf_disable_surveys":false,"footnotes":""},"class_list":["post-1662","page","type-page","status-publish","hentry"],"aioseo_notices":[],"_links":{"self":[{"href":"https:\/\/gasoilsrovira.com\/es\/wp-json\/wp\/v2\/pages\/1662","targetHints":{"allow":["GET"]}}],"collection":[{"href":"https:\/\/gasoilsrovira.com\/es\/wp-json\/wp\/v2\/pages"}],"about":[{"href":"https:\/\/gasoilsrovira.com\/es\/wp-json\/wp\/v2\/types\/page"}],"author":[{"embeddable":true,"href":"https:\/\/gasoilsrovira.com\/es\/wp-json\/wp\/v2\/users\/1"}],"replies":[{"embeddable":true,"href":"https:\/\/gasoilsrovira.com\/es\/wp-json\/wp\/v2\/comments?post=1662"}],"version-history":[{"count":5,"href":"https:\/\/gasoilsrovira.com\/es\/wp-json\/wp\/v2\/pages\/1662\/revisions"}],"predecessor-version":[{"id":2019,"href":"https:\/\/gasoilsrovira.com\/es\/wp-json\/wp\/v2\/pages\/1662\/revisions\/2019"}],"wp:attachment":[{"href":"https:\/\/gasoilsrovira.com\/es\/wp-json\/wp\/v2\/media?parent=1662"}],"curies":[{"name":"wp","href":"https:\/\/api.w.org\/{rel}","templated":true}]}}