{"id":1651,"date":"2023-06-26T07:38:07","date_gmt":"2023-06-26T07:38:07","guid":{"rendered":"https:\/\/gasoilsrovira.com\/?page_id=1651"},"modified":"2023-06-26T07:38:12","modified_gmt":"2023-06-26T07:38:12","slug":"lavanderia","status":"publish","type":"page","link":"https:\/\/gasoilsrovira.com\/es\/lavanderia\/","title":{"rendered":"Lavander\u00eda"},"content":{"rendered":"<p>[et_pb_section fb_built=\u00bb1&#8243; admin_label=\u00bbenergies_renovable_sec1&#8243; module_class=\u00bbenergies_renovable_sec1&#8243; _builder_version=\u00bb4.16&#8243; _module_preset=\u00bbdefault\u00bb min_height=\u00bb396px\u00bb custom_padding=\u00bb90px||90px||false|false\u00bb locked=\u00bboff\u00bb collapsed=\u00bboff\u00bb global_colors_info=\u00bb{}\u00bb][et_pb_row column_structure=\u00bb1_2,1_2&#8243; make_equal=\u00bbon\u00bb module_class=\u00bbcontent_row\u00bb _builder_version=\u00bb4.19.4&#8243; _module_preset=\u00bbdefault\u00bb custom_padding=\u00bb0px||0px||false|false\u00bb collapsed=\u00bboff\u00bb global_colors_info=\u00bb{}\u00bb][et_pb_column type=\u00bb1_2&#8243; module_class=\u00bbleft_sec\u00bb _builder_version=\u00bb4.16&#8243; _module_preset=\u00bbdefault\u00bb custom_padding=\u00bb||||false|false\u00bb global_colors_info=\u00bb{}\u00bb][et_pb_text _builder_version=\u00bb4.19.4&#8243; _module_preset=\u00bbdefault\u00bb text_orientation=\u00bbcenter\u00bb custom_padding=\u00bb||3px|||\u00bb hover_enabled=\u00bb0&#8243; global_colors_info=\u00bb{}\u00bb sticky_enabled=\u00bb0&#8243;]<\/p>\n<p>Desde los inicios, la lavander\u00eda industrial ha sido una de las actividades principales, dando servicio a cualquier sector industrial, desde el hotelero hasta el particular.<\/p>\n<p>La lavander\u00eda cuenta con personal altamente profesional y unas equipaciones tecnol\u00f3gicas de \u00faltima generaci\u00f3n, ofreciendo la mejor calidad de lavado y secado a sus clientes.<\/p>\n<p>La empresa realiza sus actividades dentro de la certificaci\u00f3n\u00a0 ISO 9001, en cuando a sistemas de gesti\u00f3n de calidad.<\/p>\n<p>&nbsp;<\/p>\n<p>[\/et_pb_text][\/et_pb_column][et_pb_column type=\u00bb1_2&#8243; module_class=\u00bbright_sec\u00bb _builder_version=\u00bb4.16&#8243; _module_preset=\u00bbdefault\u00bb global_colors_info=\u00bb{}\u00bb][et_pb_text _builder_version=\u00bb4.19.4&#8243; _module_preset=\u00bbdefault\u00bb text_orientation=\u00bbcenter\u00bb hover_enabled=\u00bb0&#8243; locked=\u00bboff\u00bb global_colors_info=\u00bb{}\u00bb sticky_enabled=\u00bb0&#8243;]<\/p>\n<h1 style=\"text-align: right;\">Lavander\u00eda industrial<\/h1>\n<p>[\/et_pb_text][\/et_pb_column][\/et_pb_row][\/et_pb_section][et_pb_section fb_built=\u00bb1&#8243; _builder_version=\u00bb4.19.4&#8243; _module_preset=\u00bbdefault\u00bb custom_padding=\u00bb0px|||||\u00bb global_colors_info=\u00bb{}\u00bb][et_pb_row _builder_version=\u00bb4.19.4&#8243; _module_preset=\u00bbdefault\u00bb global_colors_info=\u00bb{}\u00bb][et_pb_column type=\u00bb4_4&#8243; _builder_version=\u00bb4.19.4&#8243; _module_preset=\u00bbdefault\u00bb global_colors_info=\u00bb{}\u00bb][et_pb_slider use_bg_overlay=\u00bboff\u00bb use_text_overlay=\u00bbon\u00bb text_border_radius=\u00bb100px\u00bb _builder_version=\u00bb4.19.4&#8243; _module_preset=\u00bbdefault\u00bb custom_margin=\u00bb0px||||false|false\u00bb animation_style=\u00bbfade\u00bb animation_duration=\u00bb0ms\u00bb animation_repeat=\u00bbloop\u00bb auto=\u00bbon\u00bb hover_enabled=\u00bb0&#8243; global_colors_info=\u00bb{}\u00bb sticky_enabled=\u00bb0&#8243;][et_pb_slide heading=\u00bb117 kWp de parque solar\u00bb _builder_version=\u00bb4.19.4&#8243; _module_preset=\u00bbdefault\u00bb header_level=\u00bbh3&#8243; header_font=\u00bb|700|||||||\u00bb header_font_size=\u00bb51px\u00bb header_letter_spacing=\u00bb1px\u00bb body_font=\u00bb||on|on|||||\u00bb background_image=\u00bbhttps:\/\/gasoilsrovira.com\/wp-content\/uploads\/2023\/06\/FyarT13XsAISdQO.jpeg\u00bb background_enable_image=\u00bbon\u00bb background_layout=\u00bblight\u00bb hover_enabled=\u00bb0&#8243; global_colors_info=\u00bb{}\u00bb sticky_transition=\u00bbon\u00bb sticky_enabled=\u00bb0&#8243;]<\/p>\n<p>La lavander\u00eda industrial cuenta con una cubierta solar de 117\u00a0kWp, que le permiti\u00f3 reducir un 23% la energ\u00eda usada el 2022.<\/p>\n<p>[\/et_pb_slide][et_pb_slide heading=\u00bb22.000.000 kg\u00bb _builder_version=\u00bb4.19.4&#8243; _module_preset=\u00bbdefault\u00bb header_level=\u00bbh3&#8243; header_font=\u00bb|700|||||||\u00bb header_font_size=\u00bb51px\u00bb header_letter_spacing=\u00bb1px\u00bb body_font=\u00bb||on|on|||||\u00bb background_image=\u00bbhttps:\/\/gasoilsrovira.com\/wp-content\/uploads\/2023\/06\/FQx5kWYX0AICRBp.jpeg\u00bb background_enable_image=\u00bbon\u00bb background_layout=\u00bblight\u00bb hover_enabled=\u00bb0&#8243; global_colors_info=\u00bb{}\u00bb sticky_transition=\u00bbon\u00bb sticky_enabled=\u00bb0&#8243;]<\/p>\n<p>de ropa lavada desde sus inicios<\/p>\n<p>[\/et_pb_slide][et_pb_slide heading=\u00bb\u00daLTIMA TECNOLOG\u00cdA\u00bb _builder_version=\u00bb4.19.4&#8243; _module_preset=\u00bbdefault\u00bb header_level=\u00bbh3&#8243; header_font=\u00bb|700|||||||\u00bb header_font_size=\u00bb51px\u00bb header_letter_spacing=\u00bb1px\u00bb body_font=\u00bb||on|on|||||\u00bb background_image=\u00bbhttps:\/\/gasoilsrovira.com\/wp-content\/uploads\/2023\/06\/FgtzRRRWYAMS-dh.jpeg\u00bb background_enable_image=\u00bbon\u00bb background_layout=\u00bblight\u00bb hover_enabled=\u00bb0&#8243; global_colors_info=\u00bb{}\u00bb sticky_transition=\u00bbon\u00bb sticky_enabled=\u00bb0&#8243;]<\/p>\n<p>EN EL LAVADO, QUE REDUCE UN 40% De\u00a0ENERG\u00cdA<\/p>\n<p>[\/et_pb_slide][et_pb_slide heading=\u00bb5.200.000 kg\u00bb _builder_version=\u00bb4.19.4&#8243; _module_preset=\u00bbdefault\u00bb header_level=\u00bbh3&#8243; header_font=\u00bb|700|||||||\u00bb header_font_size=\u00bb51px\u00bb header_letter_spacing=\u00bb1px\u00bb body_font=\u00bb||on|on|||||\u00bb background_image=\u00bbhttps:\/\/gasoilsrovira.com\/wp-content\/uploads\/2023\/06\/FneWh8QXgAITypd.jpeg\u00bb background_enable_image=\u00bbon\u00bb background_layout=\u00bblight\u00bb hover_enabled=\u00bb0&#8243; global_colors_info=\u00bb{}\u00bb sticky_transition=\u00bbon\u00bb sticky_enabled=\u00bb0&#8243;]<\/p>\n<p>de ropa lavada El A\u00d1O 2022<\/p>\n<p>[\/et_pb_slide][et_pb_slide heading=\u00bb VEH\u00cdCULOS EL\u00c9CTRICOS\u00bb _builder_version=\u00bb4.19.4&#8243; _module_preset=\u00bbdefault\u00bb header_level=\u00bbh3&#8243; header_font=\u00bb|700|||||||\u00bb header_font_size=\u00bb51px\u00bb header_letter_spacing=\u00bb1px\u00bb body_font=\u00bb||on|on|||||\u00bb background_image=\u00bbhttps:\/\/gasoilsrovira.com\/wp-content\/uploads\/2023\/06\/FbFFGYMXEAAjyGi.jpeg\u00bb background_enable_image=\u00bbon\u00bb background_layout=\u00bblight\u00bb hover_enabled=\u00bb0&#8243; global_colors_info=\u00bb{}\u00bb sticky_transition=\u00bbon\u00bb sticky_enabled=\u00bb0&#8243;]<\/p>\n<p>en la recogida y distribuci\u00f3n\u00a0<\/p>\n<p>[\/et_pb_slide][\/et_pb_slider][\/et_pb_column][\/et_pb_row][\/et_pb_section]<\/p>\n","protected":false},"excerpt":{"rendered":"<p>Desde los inicios, la lavander\u00eda industrial ha sido una de las actividades principales, dando servicio a cualquier sector industrial, desde el hotelero hasta el particular. La lavander\u00eda cuenta con personal altamente profesional y unas equipaciones tecnol\u00f3gicas de \u00faltima generaci\u00f3n, ofreciendo la mejor calidad de lavado y secado a sus clientes. La empresa realiza sus actividades [&hellip;]<\/p>\n","protected":false},"author":1,"featured_media":0,"parent":0,"menu_order":0,"comment_status":"closed","ping_status":"closed","template":"","meta":{"_et_pb_use_builder":"on","_et_pb_old_content":"","_et_gb_content_width":"","om_disable_all_campaigns":false,"_monsterinsights_skip_tracking":false,"_monsterinsights_sitenote_active":false,"_monsterinsights_sitenote_note":"","_monsterinsights_sitenote_category":0,"_uf_show_specific_survey":0,"_uf_disable_surveys":false,"footnotes":""},"class_list":["post-1651","page","type-page","status-publish","hentry"],"aioseo_notices":[],"_links":{"self":[{"href":"https:\/\/gasoilsrovira.com\/es\/wp-json\/wp\/v2\/pages\/1651","targetHints":{"allow":["GET"]}}],"collection":[{"href":"https:\/\/gasoilsrovira.com\/es\/wp-json\/wp\/v2\/pages"}],"about":[{"href":"https:\/\/gasoilsrovira.com\/es\/wp-json\/wp\/v2\/types\/page"}],"author":[{"embeddable":true,"href":"https:\/\/gasoilsrovira.com\/es\/wp-json\/wp\/v2\/users\/1"}],"replies":[{"embeddable":true,"href":"https:\/\/gasoilsrovira.com\/es\/wp-json\/wp\/v2\/comments?post=1651"}],"version-history":[{"count":3,"href":"https:\/\/gasoilsrovira.com\/es\/wp-json\/wp\/v2\/pages\/1651\/revisions"}],"predecessor-version":[{"id":1655,"href":"https:\/\/gasoilsrovira.com\/es\/wp-json\/wp\/v2\/pages\/1651\/revisions\/1655"}],"wp:attachment":[{"href":"https:\/\/gasoilsrovira.com\/es\/wp-json\/wp\/v2\/media?parent=1651"}],"curies":[{"name":"wp","href":"https:\/\/api.w.org\/{rel}","templated":true}]}}