{"id":1036,"date":"2021-04-13T08:28:37","date_gmt":"2021-04-13T08:28:37","guid":{"rendered":"http:\/\/gasoilsrovira.com\/avis-legal\/"},"modified":"2021-04-13T08:41:44","modified_gmt":"2021-04-13T08:41:44","slug":"avis-legal","status":"publish","type":"page","link":"https:\/\/gasoilsrovira.com\/es\/avis-legal\/","title":{"rendered":"AV\u00cdS LEGAL"},"content":{"rendered":"<p>[et_pb_section fb_built=\u00bb1&#8243; _builder_version=\u00bb4.9.0&#8243; _module_preset=\u00bbdefault\u00bb][et_pb_row _builder_version=\u00bb4.9.0&#8243; _module_preset=\u00bbdefault\u00bb][et_pb_column type=\u00bb4_4&#8243; _builder_version=\u00bb4.9.0&#8243; _module_preset=\u00bbdefault\u00bb][et_pb_text _builder_version=\u00bb4.9.0&#8243; _module_preset=\u00bbdefault\u00bb hover_enabled=\u00bb0&#8243; sticky_enabled=\u00bb0&#8243;]<\/p>\n<h1>AVISO LEGAL<\/h1>\n<p><strong>Pol\u00edtica de Privacidad<\/strong><\/p>\n<p><strong>Propiedad intelectual sobre los contenidos del sitio Web.<\/strong><\/p>\n<p>Todos los elementos que forman el sitio web, as\u00ed como su estructura, dise\u00f1o y c\u00f3digo fuente de la misma, est\u00e1n licenciados a \u201cGas-oils Rovira, S.L.\u201d (en adelante y de forma abreviada, \u201cGR\u201d) y est\u00e1n protegidos por la normativa de propiedad intelectual e industrial. Se proh\u00edbe la reproducci\u00f3n total o parcial de los contenidos de este sitio web, as\u00ed como su modificaci\u00f3n y\/o distribuci\u00f3n sin citar su origen o solicitar previamente autorizaci\u00f3n.<\/p>\n<p>GR no asumir\u00e1 ninguna responsabilidad derivada del uso por terceros del contenido del sitio web y podr\u00e1 ejercitar todas las acciones civiles o penales que le correspondan en caso de infracci\u00f3n de estos derechos por parte del usuario.<\/p>\n<p><strong>LOPD<\/strong> (Ley Org\u00e1nica de Protecci\u00f3n de Datos de Car\u00e1cter Personal).<\/p>\n<p>En cumplimiento de lo dispuesto en la Ley Org\u00e1nica 15\/1999 de Protecci\u00f3n de Datos de Car\u00e1cter Personal, y en el Real Decreto 1720\/2007, se le informa que los datos personales que nos sean proporcionados van a ser incorporados para su tratamiento en ficheros automatizados. La recogida y tratamiento de dichos datos tienen como finalidad la prestaci\u00f3n de servicios personalizados, comunicaciones electr\u00f3nicas y\/o la confecci\u00f3n de estad\u00edsticas. GR se compromete al cumplimiento de su obligaci\u00f3n de secreto con respecto a los datos de car\u00e1cter personal suministrados y al deber de tratarlos con confidencialidad y reserva, conforme a la legislaci\u00f3n vigente. A estos efectos adoptar\u00e1 las medidas necesarias para evitar su alteraci\u00f3n, p\u00e9rdida, tratamiento o acceso no autorizado.<\/p>\n<p>As\u00ed mismo, se le informa que, si lo desea, puede ejercitar los derechos previstos en el art\u00edculo 5 de la Ley Org\u00e1nica 15\/1999, de acceso, rectificaci\u00f3n, cancelaci\u00f3n y oposici\u00f3n que podr\u00e1 ejercitar en el domicilio social de GR a trav\u00e9s de correo postal a la direcci\u00f3n: Av. Zona Industrial, s\/n de Moi\u00e0 (Barcelona) 08180, o a trav\u00e9s del correo electr\u00f3nico <span id=\"cloak75822504b23b3c95909ed459653e4cba\"><a href=\"mailto:info@aviationfuel.es\">info@aviationfuel.es<\/a><\/span>. Si nos env\u00edan el formulario por correo electr\u00f3nico deben especificar como asunto LOPD, e indicando su nombre completo, direcci\u00f3n de correo electr\u00f3nico, y en el campo comentarios, su DNI y el tipo de derecho que desea ejercitar: Acceso, Rectificaci\u00f3n, Cancelaci\u00f3n u Oposici\u00f3n.<\/p>\n<p><strong>Cookies<\/strong><\/p>\n<p>El sitio web de GR utiliza cookies (peque\u00f1os archivos de informaci\u00f3n que el servidor env\u00eda al ordenador de quien accede a la p\u00e1gina) en la medida imprescindible para el correcto funcionamiento y visualizaci\u00f3n del sitio web por parte del usuario.<\/p>\n<p>Las cookies utilizadas en el sitio web tienen, en todo caso, car\u00e1cter temporal y desaparecen al terminar la sesi\u00f3n del usuario. En ning\u00fan caso se utilizar\u00e1n las cookies para recoger informaci\u00f3n de car\u00e1cter personal.<\/p>\n<p><strong>Enlaces<\/strong><\/p>\n<p>Los enlaces contenidos en este sitio web pueden dirigir a contenidos Web de terceros. GR no asume ninguna responsabilidad por el contenido, informaciones o servicios que pudieran aparecer en dichos sitios, que tendr\u00e1n exclusivamente car\u00e1cter informativo y que en ning\u00fan caso implican relaci\u00f3n alguna entre GR y las personas o entidades titulares de tales contenidos o titulares de los sitios donde se encuentren.<\/p>\n<p><strong>Confidencialidad<\/strong><\/p>\n<p>Cualquier dato e informaci\u00f3n que sea enviado a GR, cualesquiera que sean su formato y soporte, ser\u00e1 tratado con absoluta confidencialidad y reserva. S\u00f3lo en el caso de que las Fuerzas y Cuerpos de Seguridad del Estado requieran el acceso a esa informaci\u00f3n, en los estrictos t\u00e9rminos de la legislaci\u00f3n vigente y todos aquellos otros supuestos legalmente establecidos, le ser\u00e1 proporcionada conforme a lo que exige la Ley.<\/p>\n<p>GR no utilizar\u00e1 en beneficio propio o de terceros, ninguna informaci\u00f3n de la que le sea proporcionada, o una reproducci\u00f3n parcial o total de la misma por cualquier medio.<br \/>\n[\/et_pb_text][\/et_pb_column][\/et_pb_row][\/et_pb_section]<\/p>\n","protected":false},"excerpt":{"rendered":"<p>AVISO LEGAL Pol\u00edtica de Privacidad Propiedad intelectual sobre los contenidos del sitio Web. Todos los elementos que forman el sitio web, as\u00ed como su estructura, dise\u00f1o y c\u00f3digo fuente de la misma, est\u00e1n licenciados a \u201cGas-oils Rovira, S.L.\u201d (en adelante y de forma abreviada, \u201cGR\u201d) y est\u00e1n protegidos por la normativa de propiedad intelectual e [&hellip;]<\/p>\n","protected":false},"author":1,"featured_media":0,"parent":0,"menu_order":0,"comment_status":"closed","ping_status":"closed","template":"","meta":{"_et_pb_use_builder":"on","_et_pb_old_content":"","_et_gb_content_width":"","om_disable_all_campaigns":false,"_monsterinsights_skip_tracking":false,"_monsterinsights_sitenote_active":false,"_monsterinsights_sitenote_note":"","_monsterinsights_sitenote_category":0,"_uf_show_specific_survey":0,"_uf_disable_surveys":false,"footnotes":""},"class_list":["post-1036","page","type-page","status-publish","hentry"],"aioseo_notices":[],"_links":{"self":[{"href":"https:\/\/gasoilsrovira.com\/es\/wp-json\/wp\/v2\/pages\/1036","targetHints":{"allow":["GET"]}}],"collection":[{"href":"https:\/\/gasoilsrovira.com\/es\/wp-json\/wp\/v2\/pages"}],"about":[{"href":"https:\/\/gasoilsrovira.com\/es\/wp-json\/wp\/v2\/types\/page"}],"author":[{"embeddable":true,"href":"https:\/\/gasoilsrovira.com\/es\/wp-json\/wp\/v2\/users\/1"}],"replies":[{"embeddable":true,"href":"https:\/\/gasoilsrovira.com\/es\/wp-json\/wp\/v2\/comments?post=1036"}],"version-history":[{"count":4,"href":"https:\/\/gasoilsrovira.com\/es\/wp-json\/wp\/v2\/pages\/1036\/revisions"}],"predecessor-version":[{"id":1046,"href":"https:\/\/gasoilsrovira.com\/es\/wp-json\/wp\/v2\/pages\/1036\/revisions\/1046"}],"wp:attachment":[{"href":"https:\/\/gasoilsrovira.com\/es\/wp-json\/wp\/v2\/media?parent=1036"}],"curies":[{"name":"wp","href":"https:\/\/api.w.org\/{rel}","templated":true}]}}